{"id":84,"date":"2020-02-15T19:19:09","date_gmt":"2020-02-15T18:19:09","guid":{"rendered":"http:\/\/www.wi.rwth-aachen.de\/blogs\/papp\/?page_id=84"},"modified":"2023-11-04T12:57:14","modified_gmt":"2023-11-04T11:57:14","slug":"datenschutzerklaerung-phapp","status":"publish","type":"page","link":"https:\/\/www.wi.rwth-aachen.de\/blogs\/phapp\/datenschutzerklaerung-phapp\/","title":{"rendered":"Datenschutzerkl\u00e4rung"},"content":{"rendered":"\n<p><em>Bitte klicken Sie auf eine \u00dcberschrift, um deren Inhalt zu \u00f6ffnen.<\/em><\/p>\n\n\n\n<h2><font color=\"000000\"><u>Datenschutzerkl\u00e4rung PhApp<\/u><\/font><\/h2>\n\n\n\n<details><summary><font color=\"000000\"><font size=\"4\"><b>Zust\u00e4ndigkeit<\/b><\/font><\/font><\/summary>\n<p>Verantwortlich f\u00fcr die Entwicklung und Bereitstellung dieser\nApp ist das Lehr- und Forschungsgebiet Wirtschaftsinformatik der RWTH Aachen, Templergraben\n64, 52062 Aachen, vertreten durch Univ.-Prof. Dr. rer. oec. Kai Reimers, Leiter\ndes Lehr- und Forschungsgebiets Wirtschaftsinformatik.<\/p>\n<p> ,PhApp&#8216; ist f\u00fcr die Nutzung durch Pharmazeuten konzipiert.<\/p>\n<p>Bei Fragen hinsichtlich der Verarbeitung Ihrer pers\u00f6nlichen\nDaten nutzen Sie bitte die nachfolgenden Kontaktdaten:<\/p>\n<p>Matthias Willms<br>Telefon: 0241-80-92193<br>E-Mail: <a href=\"mailto:willms@wi.rwth-aachen.de\">willms@wi.rwth-aachen.de<\/a><\/p><\/details>\n\n\n\n<p><\/p>\n\n\n\n<p><\/p>\n\n\n\n<p><\/p>\n\n\n\n\n\n<details><summary><font color=\"000000\"><font size=\"4\"><b>Erhebung und Verarbeitung pers\u00f6nlicher Daten<\/b><\/font><\/font><\/summary>\n<p>\u201aPhApp\u2018 speichert die von Ihnen eingegebenen eigenen pers\u00f6nlichen Daten und Apothekendaten sowie die pers\u00f6nlichen Daten Ihrer Kunden ausschlie\u00dflich lokal auf Ihrem Ger\u00e4t und nur insoweit diese zur Funktionalit\u00e4t der App erforderlich sind. Mit Eingabe dieser Daten erkl\u00e4ren Sie sich damit einverstanden, die Daten zum voran genannten Zweck zu nutzen. Zudem sind Sie dazu verpflichtet, das Einverst\u00e4ndnis Ihrer Kunden einzuholen, bevor Sie deren pers\u00f6nliche Daten in \u201aPhApp\u2018 speichern. Dar\u00fcber hinaus wird die IP-Adresse des verwendeten Ger\u00e4ts bei Abfrage von Medikamentendaten auf einem Server der RWTH Aachen aufgezeichnet und nach wenigen Tagen wieder gel\u00f6scht.<\/p>\n<p>Lokal werden bei Eingabe oder Einlesen folgende Apothekendaten sowie pers\u00f6nliche Pharmazeutendaten gespeichert:<\/p>\n<ul><li>Name der Apotheke<\/li><li>Telefonnummer<\/li><li>E-Mail-Adresse<\/li><li>Adresse<\/li><\/ul><p>Lokal werden bei Eingabe oder Einlesen folgende pers\u00f6nliche Kundendaten gespeichert:<\/p>\n<ul><li>Vor- und Nachname<\/li><li>Telefonnummer<\/li><li>E-Mail-Adresse<\/li><li>Geburtsdatum<\/li><li>Adresse<\/li><li>Geschlecht<\/li><li>K\u00f6rpergr\u00f6\u00dfe<\/li><li>Gewicht<\/li><li>Allergien<\/li><li>Weitere Werte wie schwanger, stillend,\nKreatininwert<\/li><li>Medikationsplandaten<\/li><\/ul><\/details>\n\n\n\n<p><\/p>\n\n\n\n<p><\/p>\n\n\n\n\n\n<p><\/p>\n\n\n\n\n\n<details><summary><font color=\"000000\"><font size=\"4\"><b>Weitergabe pers\u00f6nlicher Daten<\/b><\/font><\/font><\/summary>\n<p> Eine Weitergabe an Dritte, zu kommerziellen oder nicht-kommerziellen Zwecken, findet ausdr\u00fccklich nicht statt.<\/p>\n<p>Die Funktion, Medikamentendaten einlesen zu k\u00f6nnen, erfordert Zugriff auf einen durch das Lehr- und Forschungsgebiet Wirtschaftsinformatik verwalteten Server, welcher \u00fcber das Rechenzentrum der RWTH Aachen bereitgestellt wird. Hierbei werden Pharmazentralnummern (PZN) an den Datenserver gesendet, welcher die den PZN entsprechenden Medikamentendaten zur\u00fcckgibt. Die \u00dcbertragung der Daten erfolgt grunds\u00e4tzlich verschl\u00fcsselt (HTTPS). Zur Sicherheit der Anwendung werden die Serverzugriffe mit IP-Adressen aufgezeichnet und automatisiert ausgewertet. Dies betrifft nur die IP-Adresse des anfragenden Ger\u00e4ts, nicht aber die abgefragten PZN. Diese Aufzeichnungen der IP-Adressen werden nach sp\u00e4testens 2 Wochen automatisch gel\u00f6scht. Eine \u00dcbertragung an Dritte erfolgt nicht.<\/p>\n<p>Dar\u00fcber hinaus bietet Ihnen \u201aPhApp\u2018 verschiedene Funktionen zur Weitergabe und Anzeige der Daten, welche Sie nach Bedarf nutzen k\u00f6nnen:<\/p>\n<ul><li>Anzeige der Daten als PDF-Dokument im Format\neines bundeseinheitlichen Medikationsplans \u00fcber eine andere App auf Ihrem Ger\u00e4t,\nwelche PDFs anzeigen kann<\/li><li>Weitergabe der Daten durch Anzeige eines 2D-Barcodes<\/li><li>Weitergabe der Daten per E-Mail an eine von\nIhnen hinterlegte E-Mail-Adresse als PDF-Dokument im Format eines\nbundeseinheitlichen Medikationsplans<\/li><li>Speicherung oder Weitergabe der Daten als PDF-Dokument\nim Format eines bundeseinheitlichen Medikationsplans mit anderen auf Ihrem\nGer\u00e4t installierten Apps wie beispielsweise WhatsApp<\/li><li>Weitergabe der Daten im ATHINA-Format per E-Mail an eine von Ihnen hinterlegte E-Mail-Adresse. <\/li><\/ul>\n<p>Diese M\u00f6glichkeiten bed\u00fcrfen der Aktivierung durch Sie; die Sorgfaltspflicht obliegt daher Ihnen als Nutzer. Zur Unterst\u00fctzung im Sinne des Datenschutzes bietet \u201aPhApp\u2018 die M\u00f6glichkeit, die selbst erstellten Dateien (PDF-Dokumente, ATHINA-Dateien) vor dem Versenden per E-Mail oder einer anderen App wie WhatsApp mit der Vergabe eines Passworts selbst zu verschl\u00fcsseln.<\/p><\/details>\n\n\n\n<p><\/p>\n\n\n\n<p><\/p>\n\n\n\n<p><\/p>\n\n\n\n\n\n<details><summary><font color=\"000000\"><font size=\"4\"><b>L\u00f6schung von Daten<\/b><\/font><\/font><\/summary><p>\u201aPhApp\u2018 bietet die Funktionalit\u00e4t, mehrere personenbezogene Profile auf einem Ger\u00e4t zu verwalten. Sie k\u00f6nnen jederzeit einzelne oder auch s\u00e4mtliche dieser Profile l\u00f6schen. Die mit diesen Profilen verbundenen pers\u00f6nlichen Daten und Medikationspl\u00e4ne werden automatisch ebenfalls gel\u00f6scht. Da die Daten lokal gespeichert werden, ist diese Aktion unumkehrbar. Entsprechend m\u00fcssen Sie diese Aktion doppelt best\u00e4tigen, um eine versehentliche L\u00f6schung zu vermeiden. Einmal gel\u00f6schte Daten k\u00f6nnen nicht wiederhergestellt werden.<\/p><\/details>\n\n\n\n<p><\/p>\n\n\n\n<details><summary><font color=\"000000\"><font size=\"4\"><b>Haftung<\/b><\/font><\/font><\/summary>\n<p> Gem\u00e4\u00df \u00a77 I TMG sind wir f\u00fcr durch uns bereitgestellte Inhalte und Funktionen verantwortlich. Das Lehr- und Forschungsgebiet Wirtschaftsinformatik ist bem\u00fcht, eine reibungslose Funktion sicherzustellen und gem\u00e4\u00df den Anforderungen an das Medikationsmanagement sowie auf der Basis des bundeseinheitlichen Medikationsplans weiterzuentwickeln. Dennoch ist das Auftreten von Fehlern nicht v\u00f6llig auszuschlie\u00dfen.  <\/p>\n<p>Das Lehr- und Forschungsgebiet Wirtschaftsinformatik \u00fcbernimmt keine Haftung f\u00fcr die inhaltliche Richtigkeit sowie f\u00fcr die vollst\u00e4ndige Funktionst\u00fcchtigkeit von \u201aPhApp\u2018, es sei denn die Fehler wurden vors\u00e4tzlich oder grob fahrl\u00e4ssig verursacht. Dies bezieht sich auf eventuelle Sch\u00e4den materieller oder ideeller Art Dritter, die durch die Nutzung von \u201aPhApp\u2018 verursacht wurden.<\/p>\n<p>Dar\u00fcber hinaus ist die Haftung g\u00e4nzlich ausgeschlossen insofern Fehler auf Inhalten beruhen, die durch andere Anbieter bereitgestellt wurden. Auf deren Inhalt haben wir keinen Einfluss; f\u00fcr diese Inhalte ist stets der jeweilige Anbieter verantwortlich. Dies betrifft insbesondere die Inhalte der \u00fcber Dritte bereitgestellten Arzneimitteldatenbank zum Abgleich der Medikamentendaten mittels PZN. <\/p><p>Sollte Ihnen ein Fehler beziehungsweise eine Fehlfunktion auffallen, wenden Sie sich bitte umgehend an die in den Kontaktdaten angegebene E-Mail-Adresse mit einer Beschreibung des Fehlers.<\/p><\/details>\n\n\n\n<p><\/p>\n\n\n\n<p><\/p>\n\n\n\n<p><\/p>\n\n\n\n<p><\/p>\n\n\n\n<details><summary><font color=\"000000\"><font size=\"4\"><b>Copyright<\/b><\/font><\/font><\/summary><p>\u201aPhApp\u2018 ist urheberrechtlich gesch\u00fctzt. Alle Rechte, auch die der Weiterentwicklung, Vervielf\u00e4ltigung und der Verbreitung, beh\u00e4lt sich das Lehr- und Forschungsgebiet Wirtschaftsinformatik der RWTH Aachen vor.<\/p><\/details>\n\n\n\n<p><\/p>\n\n\n\n<details><summary><font color=\"000000\"><font size=\"4\"><b>Rechtswirksamkeit<\/b><\/font><\/font><\/summary>\n<p>Diese Datenschutzerkl\u00e4rung beruht auf der europ\u00e4ischen DSGVO und im Weiteren auf dem Datenschutzgesetz des Landes Nordrhein-Westfalen. Gerichtsstand ist Aachen. Sofern einzelne Formulierungen oder Teile dieses Textes der geltenden Rechtslage nicht mehr oder nicht mehr vollst\u00e4ndig entsprechen, bleiben die \u00fcbrigen Teile dieser Erkl\u00e4rung davon unber\u00fchrt.<\/p>\n<p>Wir informieren Sie ferner dar\u00fcber, dass Sie gem\u00e4\u00df Artikel 15 ff. DSGVO uns gegen\u00fcber unter den dort definierten Voraussetzungen das Recht auf Auskunft \u00fcber die betreffenden personenbezogenen Daten sowie auf Berichtigung oder L\u00f6schung oder auf Einschr\u00e4nkung der Verarbeitung, ein Widerspruchsrecht gegen die Verarbeitung sowie das Recht auf Daten\u00fcbertragbarkeit haben. Auch haben Sie gem\u00e4\u00df Artikel 77 DSGVO das Recht der Beschwerde bei einer Datenschutz-Aufsichtsbeh\u00f6rde wie die Landesbeauftragte f\u00fcr Datenschutz und Informationssicherheit Nordrhein-Westfalen, wenn Sie der Ansicht sind, dass die Verarbeitung der Sie betreffenden personenbezogenen Daten gegen diese Verordnung verst\u00f6\u00dft. Wenn die Verarbeitung auf einer Einwilligung Ihrerseits beruht (vgl. Art. 6 Abs. 1 lit. a, Art. 9 Abs. 2 lit. a DSGVO), haben Sie ferner das Recht, die Einwilligung jederzeit zu widerrufen, ohne dass die Rechtm\u00e4\u00dfigkeit der aufgrund der Einwilligung bis zum Widerruf erfolgten Verarbeitung ber\u00fchrt wird.<\/p><\/details>\n\n\n\n<p><\/p>\n\n\n\n<p><\/p>\n\n\n\n<br><h2><font color=\"000000\"><u>Datenschutzerkl\u00e4rung P-ATHINA<\/u><\/font><\/h2>\n\n\n\n<details><summary><font color=\"000000\"><font size=\"4\"><b>Zust\u00e4ndigkeit<\/b><\/font><\/font><\/summary>\n<p>Verantwortlich f\u00fcr die Entwicklung und Bereitstellung dieser\nApp ist das Lehr- und Forschungsgebiet Wirtschaftsinformatik der RWTH Aachen, Templergraben\n64, 52062 Aachen, vertreten durch Univ.-Prof. Dr. rer. oec. Kai Reimers, Leiter\ndes Lehr- und Forschungsgebiets Wirtschaftsinformatik.<\/p>\n<p>Bei Fragen hinsichtlich der Verarbeitung Ihrer pers\u00f6nlichen\nDaten nutzen Sie bitte die nachfolgenden Kontaktdaten:<\/p>\n<p>Matthias Willms<br>Telefon: 0241-80-92193<br>E-Mail: <a href=\"mailto:willms@wi.rwth-aachen.de\">willms@wi.rwth-aachen.de<\/a><\/p>\n<\/details>\n\n\n\n<p><\/p>\n\n\n\n<p><\/p>\n\n\n\n<p><\/p>\n\n\n\n<details><summary><font color=\"000000\"><font size=\"4\"><b>Erhebung und Verarbeitung pers\u00f6nlicher Daten<\/b><\/font><\/font><\/summary>\n<p>\u201aP-ATHINA\u2018 wird lokal auf einem Ger\u00e4t im Verantwortungsbereich einer ATHINA-Apotheke installiert. Ein etwaiger Datenaustausch findet ausschlie\u00dflich auf diesem Ger\u00e4t statt.<\/p>\n<p>\u201aP-ATHINA\u2018 extrahiert die Daten einer pappx-Datei und\nschreibt diese extrahierten Daten direkt in eine bereits bestehende xlsx-Datei\nauf dem Ger\u00e4t des Nutzers. Bei diesem Vorgang erfolgt keine Datenhaltung.\nInsofern werden auch keine personenbezogenen Daten von P-ATHINA gespeichert.<\/p>\n<\/details>\n\n\n\n<p><\/p>\n\n\n\n\n\n<details><summary><font color=\"000000\"><font size=\"4\"><b>Weitergabe pers\u00f6nlicher Daten<\/b><\/font><\/font><\/summary><p>Eine Weitergabe an Dritte, zu kommerziellen oder nicht-kommerziellen Zwecken, findet ausdr\u00fccklich nicht statt. <\/p><\/details>\n\n\n\n<p><\/p>\n\n\n\n<details><summary><font color=\"000000\"><font size=\"4\"><b>Haftung<\/b><\/font><\/font><\/summary>\n<p>Gem\u00e4\u00df \u00a77 I TMG sind wir f\u00fcr durch uns bereitgestellte\nInhalte und Funktionen verantwortlich. Das Lehr- und Forschungsgebiet Wirtschaftsinformatik\nist bem\u00fcht, eine reibungslose Funktion sicherzustellen und gem\u00e4\u00df den\nAnforderungen an das Medikationsmanagement sowie auf der Basis des bundeseinheitlichen\nMedikationsplans weiterzuentwickeln. Dennoch ist das Auftreten von Fehlern\nnicht v\u00f6llig auszuschlie\u00dfen. <\/p>\n<p>Das Lehr- und Forschungsgebiet Wirtschaftsinformatik\n\u00fcbernimmt keine Haftung f\u00fcr die inhaltliche Richtigkeit sowie f\u00fcr die vollst\u00e4ndige\nFunktionst\u00fcchtigkeit von \u201aP-ATHINA\u2018, es sei denn die Fehler wurden vors\u00e4tzlich\noder grob fahrl\u00e4ssig verursacht. Dies bezieht sich auf eventuelle Sch\u00e4den\nmaterieller oder ideeller Art Dritter, die durch die Nutzung von \u201aP-ATHINA\u2018 verursacht\nwurden.<\/p>\n<p>Dar\u00fcber hinaus ist die Haftung g\u00e4nzlich ausgeschlossen\ninsofern Fehler auf Inhalten beruhen, die durch andere Anbieter bereitgestellt\nwurden. Auf deren Inhalt haben wir keinen Einfluss; f\u00fcr diese Inhalte ist stets\nder jeweilige Anbieter verantwortlich. Dies betrifft insbesondere die Inhalte\nder \u00fcber Dritte bereitgestellten Arzneimitteldatenbank zum Abgleich der\nMedikamentendaten mittels PZN. <\/p>\n<p>Sollte Ihnen ein Fehler beziehungsweise eine Fehlfunktion\nauffallen, wenden Sie sich bitte umgehend an die in den Kontaktdaten angegebene\nE-Mail-Adresse mit einer Beschreibung des Fehlers.<\/p><\/details>\n\n\n\n<p><\/p>\n\n\n\n<p><\/p>\n\n\n\n<p><\/p>\n\n\n\n<p><\/p>\n\n\n\n<details><summary><font color=\"000000\"><font size=\"4\"><b>Copyright<\/b><\/font><\/font><\/summary>\n<p>\u201aP-ATHINA\u2018 ist urheberrechtlich gesch\u00fctzt. Alle Rechte, auch die der Weiterentwicklung, Vervielf\u00e4ltigung und der Verbreitung, beh\u00e4lt sich das Lehr- und Forschungsgebiet Wirtschaftsinformatik der RWTH Aachen vor.<\/p><\/details>\n\n\n\n<p><\/p>\n\n\n\n<details><summary><font color=\"000000\"><font size=\"4\"><b>Rechtswirksamkeit<\/b><\/font><\/font><\/summary><p>Diese Datenschutzerkl\u00e4rung beruht auf der europ\u00e4ischen DSGVO\nund im Weiteren auf dem Datenschutzgesetz des Landes Nordrhein-Westfalen.\nGerichtsstand ist Aachen. Sofern einzelne Formulierungen oder Teile dieses\nTextes der geltenden Rechtslage nicht mehr oder nicht mehr vollst\u00e4ndig\nentsprechen, bleiben die \u00fcbrigen Teile dieser Erkl\u00e4rung davon unber\u00fchrt.<\/p>\n<p>Wir informieren Sie ferner dar\u00fcber, dass Sie gem\u00e4\u00df Artikel\n15 ff. DSGVO uns gegen\u00fcber unter den dort definierten Voraussetzungen das Recht\nauf Auskunft \u00fcber die betreffenden personenbezogenen Daten sowie auf\nBerichtigung oder L\u00f6schung oder auf Einschr\u00e4nkung der Verarbeitung, ein Widerspruchsrecht\ngegen die Verarbeitung sowie das Recht auf Daten\u00fcbertragbarkeit haben. Auch\nhaben Sie gem\u00e4\u00df Artikel 77 DSGVO das Recht der Beschwerde bei einer\nDatenschutz-Aufsichtsbeh\u00f6rde wie die Landesbeauftragte f\u00fcr Datenschutz und\nInformationssicherheit Nordrhein-Westfalen, wenn Sie der Ansicht sind, dass die\nVerarbeitung der Sie betreffenden personenbezogenen Daten gegen diese\nVerordnung verst\u00f6\u00dft. Wenn die Verarbeitung auf einer Einwilligung Ihrerseits\nberuht (vgl. Art. 6 Abs. 1 lit. a, Art. 9 Abs. 2 lit. a DSGVO), haben Sie\nferner das Recht, die Einwilligung jederzeit zu widerrufen, ohne dass die\nRechtm\u00e4\u00dfigkeit der aufgrund der Einwilligung bis zum Widerruf erfolgten\nVerarbeitung ber\u00fchrt wird.<\/p><\/details>\n\n\n\n<p><\/p>\n\n\n\n<p><\/p>\n\n\n\n<p><br><\/p>\n\n\n<p><!-- \/wp:post-content --><\/p>","protected":false},"excerpt":{"rendered":"<p>Bitte klicken Sie auf eine \u00dcberschrift, um deren Inhalt zu \u00f6ffnen. Datenschutzerkl\u00e4rung PhApp Zust\u00e4ndigkeit Verantwortlich f\u00fcr die Entwicklung und Bereitstellung dieser App ist das Lehr- und Forschungsgebiet Wirtschaftsinformatik der RWTH Aachen, Templergraben 64, 52062 Aachen, vertreten durch Univ.-Prof. Dr. rer. oec. Kai Reimers, Leiter des Lehr- und Forschungsgebiets Wirtschaftsinformatik. ,PhApp&#8216; ist f\u00fcr die Nutzung durch [&hellip;]<\/p>\n","protected":false},"author":33,"featured_media":0,"parent":0,"menu_order":0,"comment_status":"closed","ping_status":"closed","template":"","meta":{"inline_featured_image":false,"ocean_post_layout":"full-width","ocean_both_sidebars_style":"","ocean_both_sidebars_content_width":0,"ocean_both_sidebars_sidebars_width":0,"ocean_sidebar":"0","ocean_second_sidebar":"0","ocean_disable_margins":"enable","ocean_add_body_class":"","ocean_shortcode_before_top_bar":"","ocean_shortcode_after_top_bar":"","ocean_shortcode_before_header":"","ocean_shortcode_after_header":"","ocean_has_shortcode":"","ocean_shortcode_after_title":"","ocean_shortcode_before_footer_widgets":"","ocean_shortcode_after_footer_widgets":"","ocean_shortcode_before_footer_bottom":"","ocean_shortcode_after_footer_bottom":"","ocean_display_top_bar":"on","ocean_display_header":"on","ocean_header_style":"","ocean_center_header_left_menu":"0","ocean_custom_header_template":"0","ocean_custom_logo":0,"ocean_custom_retina_logo":0,"ocean_custom_logo_max_width":0,"ocean_custom_logo_tablet_max_width":0,"ocean_custom_logo_mobile_max_width":0,"ocean_custom_logo_max_height":0,"ocean_custom_logo_tablet_max_height":0,"ocean_custom_logo_mobile_max_height":0,"ocean_header_custom_menu":"0","ocean_menu_typo_font_family":"0","ocean_menu_typo_font_subset":"","ocean_menu_typo_font_size":0,"ocean_menu_typo_font_size_tablet":0,"ocean_menu_typo_font_size_mobile":0,"ocean_menu_typo_font_size_unit":"px","ocean_menu_typo_font_weight":"","ocean_menu_typo_font_weight_tablet":"","ocean_menu_typo_font_weight_mobile":"","ocean_menu_typo_transform":"","ocean_menu_typo_transform_tablet":"","ocean_menu_typo_transform_mobile":"","ocean_menu_typo_line_height":0,"ocean_menu_typo_line_height_tablet":0,"ocean_menu_typo_line_height_mobile":0,"ocean_menu_typo_line_height_unit":"","ocean_menu_typo_spacing":0,"ocean_menu_typo_spacing_tablet":0,"ocean_menu_typo_spacing_mobile":0,"ocean_menu_typo_spacing_unit":"","ocean_menu_link_color":"","ocean_menu_link_color_hover":"","ocean_menu_link_color_active":"","ocean_menu_link_background":"","ocean_menu_link_hover_background":"","ocean_menu_link_active_background":"","ocean_menu_social_links_bg":"","ocean_menu_social_hover_links_bg":"","ocean_menu_social_links_color":"","ocean_menu_social_hover_links_color":"","ocean_disable_title":"enable","ocean_disable_heading":"enable","ocean_post_title":"","ocean_post_subheading":"","ocean_post_title_style":"","ocean_post_title_background_color":"","ocean_post_title_background":0,"ocean_post_title_bg_image_position":"","ocean_post_title_bg_image_attachment":"","ocean_post_title_bg_image_repeat":"","ocean_post_title_bg_image_size":"","ocean_post_title_height":0,"ocean_post_title_bg_overlay":0.5,"ocean_post_title_bg_overlay_color":"","ocean_disable_breadcrumbs":"default","ocean_breadcrumbs_color":"","ocean_breadcrumbs_separator_color":"","ocean_breadcrumbs_links_color":"","ocean_breadcrumbs_links_hover_color":"","ocean_display_footer_widgets":"on","ocean_display_footer_bottom":"off","ocean_custom_footer_template":"0","footnotes":""},"class_list":["post-84","page","type-page","status-publish","hentry","entry"],"_links":{"self":[{"href":"https:\/\/www.wi.rwth-aachen.de\/blogs\/phapp\/wp-json\/wp\/v2\/pages\/84","targetHints":{"allow":["GET"]}}],"collection":[{"href":"https:\/\/www.wi.rwth-aachen.de\/blogs\/phapp\/wp-json\/wp\/v2\/pages"}],"about":[{"href":"https:\/\/www.wi.rwth-aachen.de\/blogs\/phapp\/wp-json\/wp\/v2\/types\/page"}],"author":[{"embeddable":true,"href":"https:\/\/www.wi.rwth-aachen.de\/blogs\/phapp\/wp-json\/wp\/v2\/users\/33"}],"replies":[{"embeddable":true,"href":"https:\/\/www.wi.rwth-aachen.de\/blogs\/phapp\/wp-json\/wp\/v2\/comments?post=84"}],"version-history":[{"count":32,"href":"https:\/\/www.wi.rwth-aachen.de\/blogs\/phapp\/wp-json\/wp\/v2\/pages\/84\/revisions"}],"predecessor-version":[{"id":11632,"href":"https:\/\/www.wi.rwth-aachen.de\/blogs\/phapp\/wp-json\/wp\/v2\/pages\/84\/revisions\/11632"}],"wp:attachment":[{"href":"https:\/\/www.wi.rwth-aachen.de\/blogs\/phapp\/wp-json\/wp\/v2\/media?parent=84"}],"curies":[{"name":"wp","href":"https:\/\/api.w.org\/{rel}","templated":true}]}}