{"id":1009,"date":"2021-03-30T12:27:17","date_gmt":"2021-03-30T10:27:17","guid":{"rendered":"http:\/\/www.wi.rwth-aachen.de\/blogs\/phapp\/?page_id=1009"},"modified":"2025-08-07T14:01:22","modified_gmt":"2025-08-07T12:01:22","slug":"p-athina","status":"publish","type":"page","link":"https:\/\/www.wi.rwth-aachen.de\/blogs\/phapp\/p-athina\/","title":{"rendered":"P-ATHINA"},"content":{"rendered":"\n<p>Das Programm <strong>P-ATHINA<\/strong> wird, im Rahmen der Medikationsanalyse, zur verschl\u00fcsselten \u00dcbertragung der ATHINA-Dateien genutzt. Mit dem Programm <strong>P-ATHINA<\/strong> k\u00f6nnen Sie die zur Verf\u00fcgung gestellte ATHINA-Datei in den <strong>ATHINA-Excelbogen<\/strong> importieren. Ebenfalls ist es mit P-ATHINA m\u00f6glich, aus dem aktualisierten ATHINA-Excelbogen, die aktualisierte ATHINA-Datei zu exportieren. Diese aktualisierte ATHINA-Datei kann dann, via Mail, verschickt und wieder in PhApp\/ PApp importiert werden. <br>\nF\u00fcr <strong>Windows<\/strong> finden Sie das Programm <a rel=\"noreferrer noopener\" href=\"https:\/\/www.wi.rwth-aachen.de\/P-ATHINA\/15722b74-9083-11eb-a8b3-0242ac130003\/P-ATHINA.jar\" target=\"_blank\"><strong>hier<\/strong><\/a>.<br>\n\nF\u00fcr <strong>macOs<\/strong> finden Sie das Programm <a href=\"https:\/\/www.wi.rwth-aachen.de\/blogs\/phapp\/wp-content\/uploads\/sites\/14\/2025\/08\/P-ATHINA.zip\" download><strong>hier<\/strong><\/a>.<br>\n\nEin Hinweis f\u00fcr <strong>macOS<\/strong>-Nutzer: Nachdem P-ATHINA heruntergeladen und zum ersten Mal ge\u00f6ffnet wird, wird die Anwendung aus Sicherheitsgr\u00fcnden blockiert. Daher m\u00fcssen die Einstellungen auf dem MacBook unter &#8222;Datenschutz &amp; Sicherheit&#8220; folgenderma\u00dfen angepasst werden:<br><img decoding=\"async\" class=\"P-ATHINA-macOS\" src=\"http:\/\/www.wi.rwth-aachen.de\/blogs\/phapp\/wp-content\/uploads\/sites\/14\/2025\/07\/Einstellung-fuer-P-ATHINA.png\"> <\/p>\n\n\n\n<p>Zur Nutzung <strong>P-ATHINAs<\/strong> ben\u00f6tigen Sie zus\u00e4tzlich die Laufzeitumgebung <strong>JDK 24<\/strong> (Java SE Development Kit). Davor sollten Sie jedoch am besten alle anderen Java-Versionen deinstallieren.<br><\/p>\n\n\n\n<p>F\u00fcr <strong>Windows<\/strong> kann diese <a rel=\"noreferrer noopener\" href=\"https:\/\/www.oracle.com\/de\/java\/technologies\/downloads\/#jdk24-windows\" target=\"_blank\"><strong>hier<\/strong><\/a> heruntergeladen werden, hierbei kann der &#8222;x64 MSI Installer&#8220; ausgew\u00e4hlt werden.<\/p>\n\n\n\n<p>F\u00fcr <strong>macOS<\/strong> k\u00f6nnen Sie diese <a rel=\"noreferrer noopener\" href=\"https:\/\/www.oracle.com\/de\/java\/technologies\/downloads\/#jdk24-mac\" target=\"_blank\"><strong>hier<\/strong><\/a> herunterladen, der &#8222;ARM64 DMG Installer&#8220; ist geeignet f\u00fcr MacBooks mit M1, M2, M3, M4 Chips, welche nach dem Jahr 2020 ver\u00f6ffentlich worden, der &#8222;x64 DMG Installer&#8220; f\u00fcr MacBooks mit intel i5\/i7 Chips vor 2020. <br>\nUm das Java-Programm per Doppelklick ausf\u00fchren zu k\u00f6nnen, wird zus\u00e4tzlich das Programm <strong>JavaFX<\/strong> ben\u00f6tigt. Laden Sie bitte die JavaFX version 24.01 f\u00fcr macOS mit dem Type &#8222;SDK&#8220; <a rel=\"noreferrer noopener\" href=\"https:\/\/gluonhq.com\/products\/javafx\/\" target=\"_blank\"><strong>hier<\/strong><\/a> herunter. Der &#8222;aarch.64&#8220; ist geeignet f\u00fcr MacBooks mit M1, M2, M3, M4 Chips, welche nach dem Jahr 2020 ver\u00f6ffentlich worden, der &#8222;x64&#8220; ist f\u00fcr MacBooks mit intel i5\/i7 Chips vor 2020.<br>\n<\/p>\n\n\n\n\n\n<p><\/p>\n\n\n\n<p><\/p>\n\n\n\n<p><\/p>\n","protected":false},"excerpt":{"rendered":"<p>Das Programm P-ATHINA wird, im Rahmen der Medikationsanalyse, zur verschl\u00fcsselten \u00dcbertragung der ATHINA-Dateien genutzt. Mit dem Programm P-ATHINA k\u00f6nnen Sie die zur Verf\u00fcgung gestellte ATHINA-Datei in den ATHINA-Excelbogen importieren. Ebenfalls ist es mit P-ATHINA m\u00f6glich, aus dem aktualisierten ATHINA-Excelbogen, die aktualisierte ATHINA-Datei zu exportieren. Diese aktualisierte ATHINA-Datei kann dann, via Mail, verschickt und wieder in [&hellip;]<\/p>\n","protected":false},"author":33,"featured_media":0,"parent":0,"menu_order":0,"comment_status":"closed","ping_status":"closed","template":"","meta":{"inline_featured_image":false,"ocean_post_layout":"","ocean_both_sidebars_style":"","ocean_both_sidebars_content_width":0,"ocean_both_sidebars_sidebars_width":0,"ocean_sidebar":"0","ocean_second_sidebar":"0","ocean_disable_margins":"enable","ocean_add_body_class":"","ocean_shortcode_before_top_bar":"","ocean_shortcode_after_top_bar":"","ocean_shortcode_before_header":"","ocean_shortcode_after_header":"","ocean_has_shortcode":"","ocean_shortcode_after_title":"","ocean_shortcode_before_footer_widgets":"","ocean_shortcode_after_footer_widgets":"","ocean_shortcode_before_footer_bottom":"","ocean_shortcode_after_footer_bottom":"","ocean_display_top_bar":"default","ocean_display_header":"default","ocean_header_style":"","ocean_center_header_left_menu":"0","ocean_custom_header_template":"0","ocean_custom_logo":0,"ocean_custom_retina_logo":0,"ocean_custom_logo_max_width":0,"ocean_custom_logo_tablet_max_width":0,"ocean_custom_logo_mobile_max_width":0,"ocean_custom_logo_max_height":0,"ocean_custom_logo_tablet_max_height":0,"ocean_custom_logo_mobile_max_height":0,"ocean_header_custom_menu":"0","ocean_menu_typo_font_family":"0","ocean_menu_typo_font_subset":"","ocean_menu_typo_font_size":0,"ocean_menu_typo_font_size_tablet":0,"ocean_menu_typo_font_size_mobile":0,"ocean_menu_typo_font_size_unit":"px","ocean_menu_typo_font_weight":"","ocean_menu_typo_font_weight_tablet":"","ocean_menu_typo_font_weight_mobile":"","ocean_menu_typo_transform":"","ocean_menu_typo_transform_tablet":"","ocean_menu_typo_transform_mobile":"","ocean_menu_typo_line_height":0,"ocean_menu_typo_line_height_tablet":0,"ocean_menu_typo_line_height_mobile":0,"ocean_menu_typo_line_height_unit":"","ocean_menu_typo_spacing":0,"ocean_menu_typo_spacing_tablet":0,"ocean_menu_typo_spacing_mobile":0,"ocean_menu_typo_spacing_unit":"","ocean_menu_link_color":"","ocean_menu_link_color_hover":"","ocean_menu_link_color_active":"","ocean_menu_link_background":"","ocean_menu_link_hover_background":"","ocean_menu_link_active_background":"","ocean_menu_social_links_bg":"","ocean_menu_social_hover_links_bg":"","ocean_menu_social_links_color":"","ocean_menu_social_hover_links_color":"","ocean_disable_title":"default","ocean_disable_heading":"default","ocean_post_title":"","ocean_post_subheading":"","ocean_post_title_style":"","ocean_post_title_background_color":"","ocean_post_title_background":0,"ocean_post_title_bg_image_position":"","ocean_post_title_bg_image_attachment":"","ocean_post_title_bg_image_repeat":"","ocean_post_title_bg_image_size":"","ocean_post_title_height":0,"ocean_post_title_bg_overlay":0.5,"ocean_post_title_bg_overlay_color":"","ocean_disable_breadcrumbs":"default","ocean_breadcrumbs_color":"","ocean_breadcrumbs_separator_color":"","ocean_breadcrumbs_links_color":"","ocean_breadcrumbs_links_hover_color":"","ocean_display_footer_widgets":"default","ocean_display_footer_bottom":"default","ocean_custom_footer_template":"0","footnotes":""},"class_list":["post-1009","page","type-page","status-publish","hentry","entry"],"_links":{"self":[{"href":"https:\/\/www.wi.rwth-aachen.de\/blogs\/phapp\/wp-json\/wp\/v2\/pages\/1009","targetHints":{"allow":["GET"]}}],"collection":[{"href":"https:\/\/www.wi.rwth-aachen.de\/blogs\/phapp\/wp-json\/wp\/v2\/pages"}],"about":[{"href":"https:\/\/www.wi.rwth-aachen.de\/blogs\/phapp\/wp-json\/wp\/v2\/types\/page"}],"author":[{"embeddable":true,"href":"https:\/\/www.wi.rwth-aachen.de\/blogs\/phapp\/wp-json\/wp\/v2\/users\/33"}],"replies":[{"embeddable":true,"href":"https:\/\/www.wi.rwth-aachen.de\/blogs\/phapp\/wp-json\/wp\/v2\/comments?post=1009"}],"version-history":[{"count":55,"href":"https:\/\/www.wi.rwth-aachen.de\/blogs\/phapp\/wp-json\/wp\/v2\/pages\/1009\/revisions"}],"predecessor-version":[{"id":11701,"href":"https:\/\/www.wi.rwth-aachen.de\/blogs\/phapp\/wp-json\/wp\/v2\/pages\/1009\/revisions\/11701"}],"wp:attachment":[{"href":"https:\/\/www.wi.rwth-aachen.de\/blogs\/phapp\/wp-json\/wp\/v2\/media?parent=1009"}],"curies":[{"name":"wp","href":"https:\/\/api.w.org\/{rel}","templated":true}]}}