{"id":84,"date":"2020-02-15T19:19:09","date_gmt":"2020-02-15T18:19:09","guid":{"rendered":"http:\/\/www.wi.rwth-aachen.de\/blogs\/papp\/?page_id=84"},"modified":"2024-10-22T08:55:56","modified_gmt":"2024-10-22T06:55:56","slug":"datenschutzerklaerung-papp","status":"publish","type":"page","link":"https:\/\/www.wi.rwth-aachen.de\/blogs\/papp\/datenschutzerklaerung-papp\/","title":{"rendered":"<b>Datenschutzerkl\u00e4rung &#8211; PApp<\/b>"},"content":{"rendered":"<div class=\"distance-phone\">\n<h1 class=\"hero-heading\"><span style=\"color: #D69635;\">Datenschutz<\/span>erkl\u00e4rung<\/h1>\n<\/div>\n\n\n<details class=\"details-ueberschrift\"><summary class=\"summary-ueberschrift\"><div class=\"abschnitt-ueberschrift\">Zust\u00e4ndigkeit<\/div><\/summary>\n<div class=\"datenschutz-additional-text\"><p>Verantwortlich f\u00fcr die Entwicklung und Bereitstellung dieser\nApp ist das Lehr- und Forschungsgebiet Wirtschaftsinformatik der RWTH Aachen, Templergraben\n64, 52062 Aachen, vertreten durch Univ.-Prof. Dr. rer. oec. Kai Reimers, Leiter\ndes Lehr- und Forschungsgebiets Wirtschaftsinformatik.<\/p>\n\n<p> \u201aPApp\u2018 ist f\u00fcr die Nutzung durch Personen, die ihren Medikationsplan verwalten wollen oder ebendiese Personen vertreten konzipiert. F\u00fcr Pharmazeuten empfehlen wir alternativ die Nutzung der App \u201aPhApp &#8211; Die PhArmazeutenapp\u2018<\/p>\n\n<p>Bei Fragen hinsichtlich der Verarbeitung Ihrer pers\u00f6nlichen\nDaten nutzen Sie bitte die nachfolgenden Kontaktdaten:<\/p>\n\n<p>Matthias Willms<br>Telefon: 0241-80-92193<br>E-Mail: <a rel=\"noopener noreferrer\" href=\"mailto:willms@wi.rwth-aachen.de\" target=\"_blank\" style=\"color: #D69635; text-decoration: none;\">willms@wi.rwth-aachen.de<\/a><\/p><\/div><\/details>\n\n\n\n<details class=\"details-ueberschrift\"><summary class=\"summary-ueberschrift\"><div class=\"abschnitt-ueberschrift\">Erhebung und Verarbeitung pers\u00f6nlicher Daten<\/div><\/summary>\n<div class=\"datenschutz-additional-text\"><p> \u201aPApp\u2018 speichert die von Ihnen eingegebenen pers\u00f6nlichen Daten ausschlie\u00dflich lokal auf Ihrem Ger\u00e4t und nur insoweit diese zur Funktionalit\u00e4t der App erforderlich sind. Mit Eingabe dieser Daten erkl\u00e4ren Sie sich damit einverstanden, die Daten f\u00fcr diesen Zweck zu nutzen. Dar\u00fcber hinaus wird die IP-Adresse des verwendeten Ger\u00e4ts bei Abfrage von Medikamentendaten auf einem Server der RWTH Aachen aufgezeichnet und nach wenigen Tagen wieder gel\u00f6scht.<\/p>\n\n<p>Lokal werden bei Eingabe oder Einlesen folgende pers\u00f6nliche\nDaten gespeichert:<\/p>\n\n<ul><li>Vor- und Nachname<\/li><li>Telefonnummer<\/li><li>E-Mail-Adresse<\/li><li>Geburtsdatum<\/li><li>Adresse<\/li><li>Geschlecht<\/li><li>K\u00f6rpergr\u00f6\u00dfe<\/li><li>Gewicht<\/li><li>Allergien<\/li><li>Weitere Werte wie schwanger, stillend,\nKreatininwert<\/li><li>Medikationsplandaten<\/li><\/ul><\/div><\/details>\n\n\n\n<details class=\"details-ueberschrift\"><summary class=\"summary-ueberschrift\"><div class=\"abschnitt-ueberschrift\">Weitergabe pers\u00f6nlicher Daten<\/div><\/summary>\n<div class=\"datenschutz-additional-text\"><p>Eine Weitergabe an Dritte, zu kommerziellen oder\nnicht-kommerziellen Zwecken, au\u00dfer in den unten beschriebenen Varianten findet ausdr\u00fccklich nicht statt. <\/p>\n\n\n\n<p>Die Funktion, Arzneimitteldaten einlesen zu k\u00f6nnen, erfordert Zugriff auf einen durch das Lehr- und Forschungsgebiet Wirtschaftsinformatik verwalteten Server, welcher \u00fcber das Rechenzentrum der RWTH Aachen bereitgestellt wird. Hierbei werden Pharmazentralnummern (PZN) an den Datenserver gesendet, welcher die den PZN entsprechenden Arzneimitteldaten zur\u00fcckgibt. Die \u00dcbertragung der Daten erfolgt grunds\u00e4tzlich verschl\u00fcsselt (HTTPS). Zur Sicherheit der Anwendung werden die Serverzugriffe mit IP-Adressen aufgezeichnet und automatisiert ausgewertet. Dies betrifft nur die IP-Adresse des anfragenden Ger\u00e4ts, nicht aber die abgefragten PZN. Diese Aufzeichnungen der IP-Adressen werden nach sp\u00e4testens zwei Wochen automatisch gel\u00f6scht. Eine \u00dcbertragung an Dritte erfolgt nicht.<\/p>\n\n<p>Die Durchf\u00fchrung eines Medikationschecks erfordert Zugriff auf einen Service des `ifap Service-Instituts f\u00fcr \u00c4rzte und Apotheker GmbH`. Bei der Nutzung dieser Funktion werden die PZNs eines Medikationsplans \u00fcber einen durch das Lehr- und Forschungsgebiet Wirtschaftsinformatik verwalteten Server an die \u201aifap\u2018 weitergeleitet. Es werden keine pers\u00f6nlichen Daten \u00fcbertragen. Die \u00dcbertragung der Daten erfolgt grunds\u00e4tzlich verschl\u00fcsselt (HTTPS). Zur Sicherheit der Anwendung werden die Serverzugriffe mit IP-Adressen aufgezeichnet und automatisiert ausgewertet. Dies betrifft nur die IP-Adresse des anfragenden Ger\u00e4ts, nicht aber die abgefragten PZNs. Diese Aufzeichnungen der IP-Adressen werden nach sp\u00e4testens zwei Wochen automatisch gel\u00f6scht. Eine \u00dcbertragung an Dritte erfolgt nicht. Zus\u00e4tzlich wird die Zeit jedes Aufrufs erfasst, da uns nur ein begrenztes Kontingent an Abfragen pro Monat zur Verf\u00fcgung steht.<\/p>\n\n<p>Dar\u00fcber hinaus bietet Ihnen \u201aPApp\u2018 verschiedene Funktionen zur Weitergabe und Anzeige der Daten, welche Sie nach Bedarf nutzen k\u00f6nnen:<\/p>\n\n\n\n<ul><li>Anzeige der Daten als PDF-Dokument im Format eines bundeseinheitlichen Medikationsplans \u00fcber eine andere App auf Ihrem Ger\u00e4t, welche PDFs anzeigen kann<\/li>\n<li>Weitergabe der Daten durch Anzeige eines 2D-Barcodes<\/li><li>Weitergabe der Daten per E-Mail an eine von Ihnen hinterlegte E-Mail-Adresse als PDF-Dokument im Format eines bundeseinheitlichen Medikationsplans<\/li>\n<li>Speicherung oder Weitergabe der Daten als PDF-Dokument im Format eines bundeseinheitlichen Medikationsplans mit anderen auf Ihrem Ger\u00e4t installierten Apps wie beispielsweise WhatsApp<\/li><li>Weitergabe der Daten im ATHINA-Format per E-Mail an eine von Ihnen hinterlegte E-Mail-Adresse. <\/li><\/ul>\n\n\n\n<p>Diese M\u00f6glichkeiten bed\u00fcrfen der Aktivierung durch Sie; die Sorgfaltspflicht obliegt daher Ihnen als Nutzer. Zur Unterst\u00fctzung im Sinne des Datenschutzes bietet \u201aPApp\u2018 die M\u00f6glichkeit, die selbst erstellten Dateien (PDF- bzw. XML-Dokumente, ATHINA-Dateien) vor dem Versenden per Mail oder einer andere App wie WhatsApp mit der Vergabe eines Passworts selbst zu verschl\u00fcsseln. <\/p><\/div><\/details>\n\n\n\n<details class=\"details-ueberschrift\"><summary class=\"summary-ueberschrift\"><div class=\"abschnitt-ueberschrift\">L\u00f6schung von lokal eingegebenen, pers\u00f6nlichen Daten<\/div><\/summary>\n<div class=\"datenschutz-additional-text\"><p>\u201aPApp\u2018 bietet die Funktionalit\u00e4t, mehrere Profile auf einem Ger\u00e4t zu verwalten. Sie k\u00f6nnen jederzeit einzelne oder auch s\u00e4mtliche Profile l\u00f6schen. Die mit diesen Profilen verbundenen pers\u00f6nlichen Daten und Medikationspl\u00e4ne werden automatisch ebenfalls gel\u00f6scht. Da die Daten lokal gespeichert werden, ist diese Aktion unumkehrbar. Entsprechend m\u00fcssen Sie diese Aktion doppelt best\u00e4tigen, um eine versehentliche L\u00f6schung zu vermeiden. Einmal gel\u00f6schte Daten k\u00f6nnen nicht wiederhergestellt werden. Mit Hilfe von PApp Web kann jedoch eine Sicherungskopie aller Ihrer Daten auf einem Computer erstellt werden<\/p><\/div><\/details>\n\n\n\n<details class=\"details-ueberschrift\"><summary class=\"summary-ueberschrift\"><div class=\"abschnitt-ueberschrift\">Haftung<\/div><\/summary>\n<div class=\"datenschutz-additional-text\"><p>Gem\u00e4\u00df \u00a77 I TMG sind wir f\u00fcr durch uns bereitgestellte Inhalte und Funktionen verantwortlich. Das Lehr- und Forschungsgebiet Wirtschaftsinformatik ist bem\u00fcht, eine reibungslose Funktion sicherzustellen und gem\u00e4\u00df den\nAnforderungen an das Medikationsmanagement sowie auf der Basis des bundeseinheitlichen Medikationsplans weiterzuentwickeln. Dennoch ist das Auftreten von Fehlern nicht v\u00f6llig auszuschlie\u00dfen.<\/p>\n\n<p>Das Lehr- und Forschungsgebiet Wirtschaftsinformatik \u00fcbernimmt keine Haftung f\u00fcr die inhaltliche Richtigkeit sowie f\u00fcr die vollst\u00e4ndige Funktionst\u00fcchtigkeit von \u201aPApp\u2018, es sei denn die Fehler wurden vors\u00e4tzlich oder grob fahrl\u00e4ssig verursacht. Dies bezieht sich auf eventuelle Sch\u00e4den materieller oder ideeller Art Dritter, die durch die Nutzung von \u201aPApp\u2018 verursacht wurden.<\/p>\n\n<p>Dar\u00fcber hinaus ist die Haftung g\u00e4nzlich ausgeschlossen insofern Fehler auf Inhalten beruhen, die durch andere Anbieter bereitgestellt wurden. Auf deren Inhalt haben wir keinen Einfluss; f\u00fcr diese Inhalte ist stets\nder jeweilige Anbieter verantwortlich. Dies betrifft insbesondere die Inhalte der \u00fcber Dritte bereitgestellten Arzneimitteldatenbank zum Abgleich der Medikamentendaten mittels PZN sowie den Medikationscheck.\n\nSollte Ihnen ein Fehler beziehungsweise eine Fehlfunktion auffallen, wenden Sie sich bitte umgehend an die in den Kontaktdaten angegebene E-Mail-Adresse mit einer Beschreibung des Fehlers.\n<\/p><\/div><\/details>\n\n\n\n<details class=\"details-ueberschrift\"><summary class=\"summary-ueberschrift\"><div class=\"abschnitt-ueberschrift\">Copyright<\/div><\/summary>\n<div class=\"datenschutz-additional-text\"><p>\u201aPApp\u2018 ist urheberrechtlich gesch\u00fctzt. Alle Rechte, auch die der Weiterentwicklung, Vervielf\u00e4ltigung und der Verbreitung, beh\u00e4lt sich das Lehr- und Forschungsgebiet Wirtschaftsinformatik der RWTH Aachen vor.<\/p><\/div><\/details>\n\n\n\n<details class=\"details-ueberschrift\"><summary class=\"summary-ueberschrift\"><div class=\"abschnitt-ueberschrift\">Rechtswirksamkeit<\/div><\/summary>\n<div class=\"datenschutz-additional-text\">\n<p>Diese Datenschutzerkl\u00e4rung beruht auf der europ\u00e4ischen DSGVO und im Weiteren auf dem Datenschutzgesetz des Landes Nordrhein-Westfalen. Gerichtsstand ist Aachen. Sofern einzelne Formulierungen oder Teile dieses Textes der geltenden Rechtslage nicht mehr oder nicht mehr vollst\u00e4ndig entsprechen, bleiben die \u00fcbrigen Teile dieser Erkl\u00e4rung davon unber\u00fchrt.<\/p>\n<p>Wir informieren Sie ferner dar\u00fcber, dass Sie gem\u00e4\u00df Artikel 15 ff. DSGVO uns gegen\u00fcber unter den dort definierten Voraussetzungen das Recht auf Auskunft \u00fcber die betreffenden personenbezogenen Daten sowie auf Berichtigung oder L\u00f6schung oder auf Einschr\u00e4nkung der Verarbeitung, ein Widerspruchsrecht gegen die Verarbeitung sowie das Recht auf Daten\u00fcbertragbarkeit haben. Auch haben Sie gem\u00e4\u00df Artikel 77 DSGVO das Recht der Beschwerde bei einer Datenschutz-Aufsichtsbeh\u00f6rde wie die Landesbeauftragte f\u00fcr Datenschutz und Informationssicherheit Nordrhein-Westfalen, wenn Sie der Ansicht sind, dass die Verarbeitung der Sie betreffenden personenbezogenen Daten gegen diese Verordnung verst\u00f6\u00dft. Wenn die Verarbeitung auf einer Einwilligung Ihrerseits beruht (vgl. Art. 6 Abs. 1 lit. a, Art. 9 Abs. 2 lit. a DSGVO), haben Sie ferner das Recht, die Einwilligung jederzeit zu widerrufen, ohne dass die Rechtm\u00e4\u00dfigkeit der aufgrund der Einwilligung bis zum Widerruf erfolgten Verarbeitung ber\u00fchrt wird.<\/p>\n<\/div><\/details>\n\n\n<p><!-- \/wp:post-content --><\/p>\n<p><\/p>\n<p><!-- \/wp:paragraph --><\/p>","protected":false},"excerpt":{"rendered":"<p>Datenschutzerkl\u00e4rung Zust\u00e4ndigkeit Verantwortlich f\u00fcr die Entwicklung und Bereitstellung dieser App ist das Lehr- und Forschungsgebiet Wirtschaftsinformatik der RWTH Aachen, Templergraben 64, 52062 Aachen, vertreten durch Univ.-Prof. Dr. rer. oec. Kai Reimers, Leiter des Lehr- und Forschungsgebiets Wirtschaftsinformatik. \u201aPApp\u2018 ist f\u00fcr die Nutzung durch Personen, die ihren Medikationsplan verwalten wollen oder ebendiese Personen vertreten konzipiert. F\u00fcr [&hellip;]<\/p>\n","protected":false},"author":33,"featured_media":0,"parent":0,"menu_order":0,"comment_status":"closed","ping_status":"closed","template":"","meta":{"inline_featured_image":false,"ocean_post_layout":"full-width","ocean_both_sidebars_style":"","ocean_both_sidebars_content_width":0,"ocean_both_sidebars_sidebars_width":0,"ocean_sidebar":"0","ocean_second_sidebar":"0","ocean_disable_margins":"enable","ocean_add_body_class":"","ocean_shortcode_before_top_bar":"","ocean_shortcode_after_top_bar":"","ocean_shortcode_before_header":"","ocean_shortcode_after_header":"","ocean_has_shortcode":"","ocean_shortcode_after_title":"","ocean_shortcode_before_footer_widgets":"","ocean_shortcode_after_footer_widgets":"","ocean_shortcode_before_footer_bottom":"","ocean_shortcode_after_footer_bottom":"","ocean_display_top_bar":"on","ocean_display_header":"on","ocean_header_style":"","ocean_center_header_left_menu":"0","ocean_custom_header_template":"0","ocean_custom_logo":0,"ocean_custom_retina_logo":0,"ocean_custom_logo_max_width":0,"ocean_custom_logo_tablet_max_width":0,"ocean_custom_logo_mobile_max_width":0,"ocean_custom_logo_max_height":0,"ocean_custom_logo_tablet_max_height":0,"ocean_custom_logo_mobile_max_height":0,"ocean_header_custom_menu":"0","ocean_menu_typo_font_family":"0","ocean_menu_typo_font_subset":"","ocean_menu_typo_font_size":0,"ocean_menu_typo_font_size_tablet":0,"ocean_menu_typo_font_size_mobile":0,"ocean_menu_typo_font_size_unit":"px","ocean_menu_typo_font_weight":"","ocean_menu_typo_font_weight_tablet":"","ocean_menu_typo_font_weight_mobile":"","ocean_menu_typo_transform":"","ocean_menu_typo_transform_tablet":"","ocean_menu_typo_transform_mobile":"","ocean_menu_typo_line_height":0,"ocean_menu_typo_line_height_tablet":0,"ocean_menu_typo_line_height_mobile":0,"ocean_menu_typo_line_height_unit":"","ocean_menu_typo_spacing":0,"ocean_menu_typo_spacing_tablet":0,"ocean_menu_typo_spacing_mobile":0,"ocean_menu_typo_spacing_unit":"","ocean_menu_link_color":"","ocean_menu_link_color_hover":"","ocean_menu_link_color_active":"","ocean_menu_link_background":"","ocean_menu_link_hover_background":"","ocean_menu_link_active_background":"","ocean_menu_social_links_bg":"","ocean_menu_social_hover_links_bg":"","ocean_menu_social_links_color":"","ocean_menu_social_hover_links_color":"","ocean_disable_title":"enable","ocean_disable_heading":"enable","ocean_post_title":"","ocean_post_subheading":"","ocean_post_title_style":"","ocean_post_title_background_color":"","ocean_post_title_background":0,"ocean_post_title_bg_image_position":"","ocean_post_title_bg_image_attachment":"","ocean_post_title_bg_image_repeat":"","ocean_post_title_bg_image_size":"","ocean_post_title_height":0,"ocean_post_title_bg_overlay":0.5,"ocean_post_title_bg_overlay_color":"","ocean_disable_breadcrumbs":"default","ocean_breadcrumbs_color":"","ocean_breadcrumbs_separator_color":"","ocean_breadcrumbs_links_color":"","ocean_breadcrumbs_links_hover_color":"","ocean_display_footer_widgets":"on","ocean_display_footer_bottom":"on","ocean_custom_footer_template":"0","footnotes":""},"class_list":["post-84","page","type-page","status-publish","hentry","entry"],"_links":{"self":[{"href":"https:\/\/www.wi.rwth-aachen.de\/blogs\/papp\/wp-json\/wp\/v2\/pages\/84","targetHints":{"allow":["GET"]}}],"collection":[{"href":"https:\/\/www.wi.rwth-aachen.de\/blogs\/papp\/wp-json\/wp\/v2\/pages"}],"about":[{"href":"https:\/\/www.wi.rwth-aachen.de\/blogs\/papp\/wp-json\/wp\/v2\/types\/page"}],"author":[{"embeddable":true,"href":"https:\/\/www.wi.rwth-aachen.de\/blogs\/papp\/wp-json\/wp\/v2\/users\/33"}],"replies":[{"embeddable":true,"href":"https:\/\/www.wi.rwth-aachen.de\/blogs\/papp\/wp-json\/wp\/v2\/comments?post=84"}],"version-history":[{"count":66,"href":"https:\/\/www.wi.rwth-aachen.de\/blogs\/papp\/wp-json\/wp\/v2\/pages\/84\/revisions"}],"predecessor-version":[{"id":2392,"href":"https:\/\/www.wi.rwth-aachen.de\/blogs\/papp\/wp-json\/wp\/v2\/pages\/84\/revisions\/2392"}],"wp:attachment":[{"href":"https:\/\/www.wi.rwth-aachen.de\/blogs\/papp\/wp-json\/wp\/v2\/media?parent=84"}],"curies":[{"name":"wp","href":"https:\/\/api.w.org\/{rel}","templated":true}]}}