{"id":54,"date":"2020-02-15T18:45:52","date_gmt":"2020-02-15T17:45:52","guid":{"rendered":"http:\/\/www.wi.rwth-aachen.de\/blogs\/test\/?page_id=54"},"modified":"2024-10-22T08:55:38","modified_gmt":"2024-10-22T06:55:38","slug":"impressum","status":"publish","type":"page","link":"https:\/\/www.wi.rwth-aachen.de\/blogs\/papp\/impressum\/","title":{"rendered":"<b>Impressum<\/b>"},"content":{"rendered":"\n<div class=\"container grid grid-two-column\" style=\"display: flex; justify-content: space-between;\">\n<div class=\"distance-phone\">\n<h1 class=\"hero-heading\">Impressum<\/h1>\n<\/div>\n\n<div class=\"webmaster\">\n<div class=\"ansprechpartner-karte ansprechpartner-allgemeines\" style=\"float: right;\">\n<div class=\"karte-inhalt\">\n<p class=\"ansprechpartner-name\">Dilara Arslan (Webmaster)<\/p>\n<p>Tel. +49 241 80 92191<br>\n<a rel=\"noreferrer noopener\" href=\"mailto:arslan@wi.rwth-aachen.de\" data-type=\"mailto\" data-id=\"mailto:arslan@wi.rwth-aachen.de\" target=\"_blank\" style=\"color: #015AB7; text-decoration: none;\">arslan@wi.rwth-aachen.de<\/a>\n<\/p>\n<\/div>\n<\/div>\n<\/div>\n\n<\/div>\n<h3 class=\"news-section\">Herausgeber<\/h3>\n<div class=\"distance-phone\">\n<div class=\"section-additional-text\">\n<p>\nLehr- und Forschungsgebiet Wirtschaftsinformatik<br>\nRWTH Aachen<br>\nTemplergraben 64<br>\n52062 Aachen<\/p>\n<p>Telefon: +49 241 80 92190<\/p>\n<p>E-Mail: <a href=\"mailto:willms@wi.rwth-aachen.de\" style=\"color: #015AB7; text-decoration: none;\">willms@wi.rwth-aachen.de<\/a><br> Internet: <a rel=\"noopener noreferrer\" href=\"https:\/\/www.wi.rwth-aachen.de\/\" target=\"_blank\" style=\"color: #D69635; text-decoration: none;\">Lehr- und Forschungsgebiet Wirtschaftsinformatik<\/a><\/p>\n<p>Die RWTH\nAachen ist eine K\u00f6rperschaft des \u00f6ffentlichen Rechts. Sie wird durch den\nRektor, Univ.-Prof. Dr. rer. nat. Dr. h. c. mult. Ulrich R\u00fcdiger, vertreten.<\/p><\/div><\/div>\n\n\n\n<h3 class=\"news-section\">Zust\u00e4ndige Aufsichtsbeh\u00f6rde<\/h3>\n<div class=\"distance-phone\">\n<div class=\"section-additional-text\">\n<p>Ministerium f\u00fcr Innovation, Wissenschaft, Forschung und Technologie des Landes<br>\nNordrhein-Westfalen, V\u00f6lklinger Stra\u00dfe 49, 40221 D\u00fcsseldorf.<\/p>\n<p>Umsatzsteuer-Identifikationsnummer<br>\nGem\u00e4\u00df \u00a7 27 a Umsatzsteuergesetz: DE 121689807<\/p>\n<\/div><\/div>\n\n\n\n<p><\/p>\n\n\n\n<h3 class=\"news-section\">Inhaltliche Verantwortlichkeit<\/h3>\n<div class=\"distance-phone\">\n<div class=\"section-additional-text\">\n<p>F\u00fcr die Richtigkeit und Aktualit\u00e4t der Inhalte sind die auf der Seite <a href=\"https:\/\/www.wi.rwth-aachen.de\/blogs\/papp\/ueber-uns\/\" target=\"_blank\" rel=\"noopener noreferrer\" style=\"color: #D69635; text-decoration: none;\">\u00dcber uns<\/a> genannten Mitarbeiterinnen und Mitarbeiter des Lehr- und Forschungsgebiets Wirtschaftsinformatik verantwortlich.<\/p>\n<p>Details zu\nFragen der Haftung sind in der <a href=\"http:\/\/www.rwth-aachen.de\/cms\/root\/Footer\/Services\/~cesv\/Disclaimer\/\" target=\"_blank\" rel=\"noopener noreferrer\" style=\"color: #D69635; text-decoration: none;\">Datenschutzerkl\u00e4rung<\/a> nachzulesen.<\/p>\n<\/div>\n<\/div>\n\n\n<p><\/p>\n\n\n<p><\/p>\n","protected":false},"excerpt":{"rendered":"<p>Impressum Dilara Arslan (Webmaster) Tel. +49 241 80 92191 arslan@wi.rwth-aachen.de Herausgeber Lehr- und Forschungsgebiet Wirtschaftsinformatik RWTH Aachen Templergraben 64 52062 Aachen Telefon: +49 241 80 92190 E-Mail: willms@wi.rwth-aachen.de Internet: Lehr- und Forschungsgebiet Wirtschaftsinformatik Die RWTH Aachen ist eine K\u00f6rperschaft des \u00f6ffentlichen Rechts. Sie wird durch den Rektor, Univ.-Prof. Dr. rer. nat. Dr. h. c. mult. [&hellip;]<\/p>\n","protected":false},"author":33,"featured_media":0,"parent":0,"menu_order":0,"comment_status":"closed","ping_status":"closed","template":"","meta":{"inline_featured_image":false,"ocean_post_layout":"full-width","ocean_both_sidebars_style":"","ocean_both_sidebars_content_width":0,"ocean_both_sidebars_sidebars_width":0,"ocean_sidebar":"0","ocean_second_sidebar":"0","ocean_disable_margins":"enable","ocean_add_body_class":"","ocean_shortcode_before_top_bar":"","ocean_shortcode_after_top_bar":"","ocean_shortcode_before_header":"","ocean_shortcode_after_header":"","ocean_has_shortcode":"","ocean_shortcode_after_title":"","ocean_shortcode_before_footer_widgets":"","ocean_shortcode_after_footer_widgets":"","ocean_shortcode_before_footer_bottom":"","ocean_shortcode_after_footer_bottom":"","ocean_display_top_bar":"on","ocean_display_header":"on","ocean_header_style":"","ocean_center_header_left_menu":"0","ocean_custom_header_template":"0","ocean_custom_logo":0,"ocean_custom_retina_logo":0,"ocean_custom_logo_max_width":0,"ocean_custom_logo_tablet_max_width":0,"ocean_custom_logo_mobile_max_width":0,"ocean_custom_logo_max_height":0,"ocean_custom_logo_tablet_max_height":0,"ocean_custom_logo_mobile_max_height":0,"ocean_header_custom_menu":"0","ocean_menu_typo_font_family":"0","ocean_menu_typo_font_subset":"","ocean_menu_typo_font_size":0,"ocean_menu_typo_font_size_tablet":0,"ocean_menu_typo_font_size_mobile":0,"ocean_menu_typo_font_size_unit":"px","ocean_menu_typo_font_weight":"","ocean_menu_typo_font_weight_tablet":"","ocean_menu_typo_font_weight_mobile":"","ocean_menu_typo_transform":"","ocean_menu_typo_transform_tablet":"","ocean_menu_typo_transform_mobile":"","ocean_menu_typo_line_height":0,"ocean_menu_typo_line_height_tablet":0,"ocean_menu_typo_line_height_mobile":0,"ocean_menu_typo_line_height_unit":"","ocean_menu_typo_spacing":0,"ocean_menu_typo_spacing_tablet":0,"ocean_menu_typo_spacing_mobile":0,"ocean_menu_typo_spacing_unit":"","ocean_menu_link_color":"","ocean_menu_link_color_hover":"","ocean_menu_link_color_active":"","ocean_menu_link_background":"","ocean_menu_link_hover_background":"","ocean_menu_link_active_background":"","ocean_menu_social_links_bg":"","ocean_menu_social_hover_links_bg":"","ocean_menu_social_links_color":"","ocean_menu_social_hover_links_color":"","ocean_disable_title":"enable","ocean_disable_heading":"enable","ocean_post_title":"","ocean_post_subheading":"","ocean_post_title_style":"","ocean_post_title_background_color":"","ocean_post_title_background":0,"ocean_post_title_bg_image_position":"","ocean_post_title_bg_image_attachment":"","ocean_post_title_bg_image_repeat":"","ocean_post_title_bg_image_size":"","ocean_post_title_height":0,"ocean_post_title_bg_overlay":0.5,"ocean_post_title_bg_overlay_color":"","ocean_disable_breadcrumbs":"default","ocean_breadcrumbs_color":"","ocean_breadcrumbs_separator_color":"","ocean_breadcrumbs_links_color":"","ocean_breadcrumbs_links_hover_color":"","ocean_display_footer_widgets":"on","ocean_display_footer_bottom":"on","ocean_custom_footer_template":"0","footnotes":""},"class_list":["post-54","page","type-page","status-publish","hentry","entry"],"_links":{"self":[{"href":"https:\/\/www.wi.rwth-aachen.de\/blogs\/papp\/wp-json\/wp\/v2\/pages\/54","targetHints":{"allow":["GET"]}}],"collection":[{"href":"https:\/\/www.wi.rwth-aachen.de\/blogs\/papp\/wp-json\/wp\/v2\/pages"}],"about":[{"href":"https:\/\/www.wi.rwth-aachen.de\/blogs\/papp\/wp-json\/wp\/v2\/types\/page"}],"author":[{"embeddable":true,"href":"https:\/\/www.wi.rwth-aachen.de\/blogs\/papp\/wp-json\/wp\/v2\/users\/33"}],"replies":[{"embeddable":true,"href":"https:\/\/www.wi.rwth-aachen.de\/blogs\/papp\/wp-json\/wp\/v2\/comments?post=54"}],"version-history":[{"count":38,"href":"https:\/\/www.wi.rwth-aachen.de\/blogs\/papp\/wp-json\/wp\/v2\/pages\/54\/revisions"}],"predecessor-version":[{"id":2395,"href":"https:\/\/www.wi.rwth-aachen.de\/blogs\/papp\/wp-json\/wp\/v2\/pages\/54\/revisions\/2395"}],"wp:attachment":[{"href":"https:\/\/www.wi.rwth-aachen.de\/blogs\/papp\/wp-json\/wp\/v2\/media?parent=54"}],"curies":[{"name":"wp","href":"https:\/\/api.w.org\/{rel}","templated":true}]}}