{"id":2397,"date":"2024-09-15T15:56:48","date_gmt":"2024-09-15T13:56:48","guid":{"rendered":"https:\/\/www.wi.rwth-aachen.de\/blogs\/papp\/?page_id=2397"},"modified":"2024-09-15T15:56:48","modified_gmt":"2024-09-15T13:56:48","slug":"herunterladen","status":"publish","type":"page","link":"https:\/\/www.wi.rwth-aachen.de\/blogs\/papp\/herunterladen\/","title":{"rendered":"<b>Herunterladen<\/b>"},"content":{"rendered":"\n<div class=\"distance-phone\">\n<h1 class=\"hero-heading\">Alles rund um <br>den <span style=\"color: #D69635;\">Start mit PApp!<\/span><\/h1>\n\n\n<h3 class=\"news-section\">App-Download<br><\/h3>\n<div class=\"container-app-download\">\n<a href=\"https:\/\/play.google.com\/store\/apps\/details?id=com.rwthaachen.papp&amp;pli=1\" target=\"_blank\" class=\"u-mobile-ios-hide\" data-gtm-trigger=\"landingpage-hero-store-link\" rel=\"noopener\">\n<img decoding=\"async\" class=\"GooglePlayStore\" src=\"https:\/\/www.wi.rwth-aachen.de\/blogs\/papp\/wp-content\/uploads\/sites\/13\/2023\/03\/google-play-badge-deutsch.png\" alt=\"Laden bei Google Play\">\n<\/a>\n<a href=\"https:\/\/apps.apple.com\/de\/app\/papp-die-patientenapp\/id1450857947\" target=\"_blank\" class=\"u-mobile-ios-hide\" data-gtm-trigger=\"landingpage-hero-store-link\" rel=\"noopener\">\n<img decoding=\"async\" class=\"AppleStore\" src=\"http:\/\/www.wi.rwth-aachen.de\/blogs\/papp2\/wp-content\/uploads\/sites\/20\/2024\/06\/Download_on_the_App_Store_Badge_DE_RGB_blk_092917.svg\n\" alt=\"Apple App Store\">\n<\/a>\n<\/div>\n<p><\/p>\n\n<h3 class=\"news-section\">App-Einrichtung<br><\/h3>\n<p><\/p>\n<div class=\"section-additional-text\"><ol>\n<li>PApp installieren und auf Ihrem Endger\u00e4t \u00f6ffnen<\/li>\n<li>Bei Einverst\u00e4ndnis die AGBs und die Datenschutzrichtlinien akzeptieren<\/li>\n<li>Zum Start ein Profil anlegen und die pers\u00f6nlichen Daten eingeben oder mit dem Demo-Profil beginnen<\/li>\n<li>Oben rechts das Men\u00fc (drei Punkte) \u00f6ffnen, um auf die Optionen zuzugreifen<\/li>\n<li>Nach Bedarf einen &#8222;Neuen leeren Plan anlegen&#8220;, &#8222;Vorhandenen Plan einscannen&#8220; oder einen &#8222;Plan von Datei importieren&#8220;<\/li>\n<li>Bei Neuanlegen eines Plans die Daten des Profils erg\u00e4nzen und den Plan anschlie\u00dfend im Hauptbildschirm ausw\u00e4hlen<\/li>\n<li>Zum Hinzuf\u00fcgen eines neuen Medikaments dienen die Optionen oben rechts<\/li>\n<li>Hinweise zur Dosierung und Einnahme angeben, danach speichern<\/li>\n<\/ol>\n<\/div>\n<p><\/p>\n<\/div>\n","protected":false},"excerpt":{"rendered":"<p>Alles rund um den Start mit PApp! App-Download App-Einrichtung PApp installieren und auf Ihrem Endger\u00e4t \u00f6ffnen Bei Einverst\u00e4ndnis die AGBs und die Datenschutzrichtlinien akzeptieren Zum Start ein Profil anlegen und die pers\u00f6nlichen Daten eingeben oder mit dem Demo-Profil beginnen Oben rechts das Men\u00fc (drei Punkte) \u00f6ffnen, um auf die Optionen zuzugreifen Nach Bedarf einen &#8222;Neuen [&hellip;]<\/p>\n","protected":false},"author":63,"featured_media":0,"parent":0,"menu_order":0,"comment_status":"closed","ping_status":"closed","template":"","meta":{"inline_featured_image":false,"ocean_post_layout":"full-width","ocean_both_sidebars_style":"","ocean_both_sidebars_content_width":0,"ocean_both_sidebars_sidebars_width":0,"ocean_sidebar":"sidebar","ocean_second_sidebar":"0","ocean_disable_margins":"enable","ocean_add_body_class":"","ocean_shortcode_before_top_bar":"","ocean_shortcode_after_top_bar":"","ocean_shortcode_before_header":"","ocean_shortcode_after_header":"","ocean_has_shortcode":"","ocean_shortcode_after_title":"","ocean_shortcode_before_footer_widgets":"","ocean_shortcode_after_footer_widgets":"","ocean_shortcode_before_footer_bottom":"","ocean_shortcode_after_footer_bottom":"","ocean_display_top_bar":"default","ocean_display_header":"default","ocean_header_style":"","ocean_center_header_left_menu":"0","ocean_custom_header_template":"0","ocean_custom_logo":0,"ocean_custom_retina_logo":0,"ocean_custom_logo_max_width":0,"ocean_custom_logo_tablet_max_width":0,"ocean_custom_logo_mobile_max_width":0,"ocean_custom_logo_max_height":0,"ocean_custom_logo_tablet_max_height":0,"ocean_custom_logo_mobile_max_height":0,"ocean_header_custom_menu":"0","ocean_menu_typo_font_family":"0","ocean_menu_typo_font_subset":"","ocean_menu_typo_font_size":0,"ocean_menu_typo_font_size_tablet":0,"ocean_menu_typo_font_size_mobile":0,"ocean_menu_typo_font_size_unit":"px","ocean_menu_typo_font_weight":"","ocean_menu_typo_font_weight_tablet":"","ocean_menu_typo_font_weight_mobile":"","ocean_menu_typo_transform":"","ocean_menu_typo_transform_tablet":"","ocean_menu_typo_transform_mobile":"","ocean_menu_typo_line_height":0,"ocean_menu_typo_line_height_tablet":0,"ocean_menu_typo_line_height_mobile":0,"ocean_menu_typo_line_height_unit":"","ocean_menu_typo_spacing":0,"ocean_menu_typo_spacing_tablet":0,"ocean_menu_typo_spacing_mobile":0,"ocean_menu_typo_spacing_unit":"","ocean_menu_link_color":"","ocean_menu_link_color_hover":"","ocean_menu_link_color_active":"","ocean_menu_link_background":"","ocean_menu_link_hover_background":"","ocean_menu_link_active_background":"","ocean_menu_social_links_bg":"","ocean_menu_social_hover_links_bg":"","ocean_menu_social_links_color":"","ocean_menu_social_hover_links_color":"","ocean_disable_title":"default","ocean_disable_heading":"default","ocean_post_title":"","ocean_post_subheading":"","ocean_post_title_style":"","ocean_post_title_background_color":"","ocean_post_title_background":0,"ocean_post_title_bg_image_position":"","ocean_post_title_bg_image_attachment":"","ocean_post_title_bg_image_repeat":"","ocean_post_title_bg_image_size":"","ocean_post_title_height":0,"ocean_post_title_bg_overlay":0.5,"ocean_post_title_bg_overlay_color":"","ocean_disable_breadcrumbs":"default","ocean_breadcrumbs_color":"","ocean_breadcrumbs_separator_color":"","ocean_breadcrumbs_links_color":"","ocean_breadcrumbs_links_hover_color":"","ocean_display_footer_widgets":"default","ocean_display_footer_bottom":"default","ocean_custom_footer_template":"0","footnotes":""},"class_list":["post-2397","page","type-page","status-publish","hentry","entry"],"_links":{"self":[{"href":"https:\/\/www.wi.rwth-aachen.de\/blogs\/papp\/wp-json\/wp\/v2\/pages\/2397","targetHints":{"allow":["GET"]}}],"collection":[{"href":"https:\/\/www.wi.rwth-aachen.de\/blogs\/papp\/wp-json\/wp\/v2\/pages"}],"about":[{"href":"https:\/\/www.wi.rwth-aachen.de\/blogs\/papp\/wp-json\/wp\/v2\/types\/page"}],"author":[{"embeddable":true,"href":"https:\/\/www.wi.rwth-aachen.de\/blogs\/papp\/wp-json\/wp\/v2\/users\/63"}],"replies":[{"embeddable":true,"href":"https:\/\/www.wi.rwth-aachen.de\/blogs\/papp\/wp-json\/wp\/v2\/comments?post=2397"}],"version-history":[{"count":1,"href":"https:\/\/www.wi.rwth-aachen.de\/blogs\/papp\/wp-json\/wp\/v2\/pages\/2397\/revisions"}],"predecessor-version":[{"id":2398,"href":"https:\/\/www.wi.rwth-aachen.de\/blogs\/papp\/wp-json\/wp\/v2\/pages\/2397\/revisions\/2398"}],"wp:attachment":[{"href":"https:\/\/www.wi.rwth-aachen.de\/blogs\/papp\/wp-json\/wp\/v2\/media?parent=2397"}],"curies":[{"name":"wp","href":"https:\/\/api.w.org\/{rel}","templated":true}]}}