{"id":15,"date":"2020-02-15T17:52:47","date_gmt":"2020-02-15T16:52:47","guid":{"rendered":"http:\/\/www.wi.rwth-aachen.de\/blogs\/test\/?page_id=15"},"modified":"2026-04-24T16:57:21","modified_gmt":"2026-04-24T14:57:21","slug":"home","status":"publish","type":"page","link":"https:\/\/www.wi.rwth-aachen.de\/blogs\/papp\/","title":{"rendered":"<p align=\"left\"><b>Home<\/b><\/p>"},"content":{"rendered":"\n\n<div class=\"distance-phone\">\n<div class=\"linkerrand\">\n<div style=\"background-color: #f4ce92; padding: 20px; border-radius: 5px; border: 1px solid #e0c800; color: #333; font-weight: bold; box-shadow: 3px 3px 8px rgba(0, 0, 0, 0.3); display: none;\">Aufgrund von technischen St\u00f6rungen k\u00f6nnen Probleme in PApp auftreten. Wir versuchen diese schnellstm\u00f6glich zu beheben.<\/div>\n<section class=\"section-hero section\">\n<div class=\"container grid grid-two-column\">\n<div class=\"section-hero-data\">\n<h1 class=\"hero-heading\">Chaos bei der <span style=\"color: #d69635;\">Medikation?<\/span><\/h1>\n<\/div>\n<div class=\"section-hero-image\"><img decoding=\"async\" class=\"hero-img\" src=\"https:\/\/www.wi.rwth-aachen.de\/blogs\/papp\/wp-content\/uploads\/sites\/13\/2023\/02\/Chaos-bei-der-Medikation.svg\" alt=\"\" \/><\/div>\n<div class=\"section-hero-data\">\n<h2 class=\"hero-subheading\">Bring mehr PApp in deine Planung!<\/h2>\n<p class=\"hero-para\">Mit PApp k\u00f6nnen Sie ganz einfach Medikationspl\u00e4ne f\u00fcr sich oder andere mit Ihrem Smartphone einscannen und \u00fcberarbeiten oder neu erstellen.<\/p>\n<\/div>\n<\/div>\n<\/section>\n<div class=\"container grid grid-two-column\">\n<div>\n<h3 class=\"hero-ueberschrift-aufzaehlung\"><b>Einlesen\/Aktualisieren des bundeseinheitlichen Medikationsplans<\/b><\/h3>\n<ul class=\"hero-ul\">\n<li>Selbstmedikation und weitere verordnete Medikamente hinzuf\u00fcgen<\/li>\n<li>Medikationsangaben erg\u00e4nzen (Einnahmehinweise, Einnahmegrund)<\/li>\n<li>Selbstbeobachtungen protokollieren<\/li>\n<\/ul>\n<h3 class=\"hero-ueberschrift-aufzaehlung\"><b>Viele Verwaltungsm\u00f6glichkeiten<\/b><\/h3>\n<ul class=\"hero-ul\">\n<li>weitere Profile f\u00fcr Angeh\u00f6rige anlegen<\/li>\n<li>einfaches Anfordern von Rezepten bei den Arztpraxen<\/li>\n<li>einheitliche Sicherung aller angelegten Pl\u00e4ne<\/li>\n<li>Archivieren alter Pl\u00e4ne<\/li>\n<li>Anzeige von Wechselwirkungen und Doppelmedikation<\/li>\n<\/ul>\n<h3 class=\"hero-ueberschrift-aufzaehlung\"><b>Ausgabe der Pl\u00e4ne in digitaler und gedruckter Form<\/b><\/h3>\n<ul class=\"hero-ul\">\n<li>einfache Daten\u00fcbertragung zwischen Ger\u00e4ten<\/li>\n<li>2D-Barcodes zum Scannen in Apotheken\/Arztpraxen<\/li>\n<li>aktualisierte Pl\u00e4ne ausdrucken<\/li>\n<li>Weiterleitung als verschl\u00fcsseltes Dokument im PDF-\/ oder XML-Format<\/li>\n<\/ul>\n<\/div>\n<div class=\"qr-code\"><img decoding=\"async\" src=\"http:\/\/www.wi.rwth-aachen.de\/blogs\/papp\/wp-content\/uploads\/sites\/13\/2024\/09\/qr-code-papp-download.png\" \/><\/p>\n<p>Hier geht es zum Download<\/p>\n<\/div>\n<\/div>\n<\/div>\n<div class=\"container-app-download-home\"><a class=\"u-mobile-ios-hide\" href=\"https:\/\/play.google.com\/store\/apps\/details?id=com.rwthaachen.papp&amp;pli=1\" target=\"_blank\" rel=\"noopener\" data-gtm-trigger=\"landingpage-hero-store-link\"><br \/><img decoding=\"async\" class=\"GooglePlayStore\" src=\"https:\/\/www.wi.rwth-aachen.de\/blogs\/papp\/wp-content\/uploads\/sites\/13\/2023\/03\/google-play-badge-deutsch.png\" alt=\"Laden bei Google Play\" \/><br \/><\/a><br \/><a class=\"u-mobile-ios-hide\" href=\"https:\/\/apps.apple.com\/de\/app\/papp-die-patientenapp\/id1450857947\" target=\"_blank\" rel=\"noopener\" data-gtm-trigger=\"landingpage-hero-store-link\"><br \/><img decoding=\"async\" class=\"AppleStore\" src=\"http:\/\/www.wi.rwth-aachen.de\/blogs\/papp2\/wp-content\/uploads\/sites\/20\/2024\/06\/Download_on_the_App_Store_Badge_DE_RGB_blk_092917.svg\n\" alt=\"Apple App Store\" \/><br \/><\/a><\/div>\n<\/div>\n\n\n<div class=\"distance-phone\">\n<div class=\"hero-foot\">\n<br>\n  <span style=\"color: #D69635;\">PApp<\/span> &#8211; die Patientenapp f\u00fcr iOS und Android\n<\/div>\n<\/div>\n\n\n\n<p><\/p>\n","protected":false},"excerpt":{"rendered":"<p>Aufgrund von technischen St\u00f6rungen k\u00f6nnen Probleme in PApp auftreten. Wir versuchen diese schnellstm\u00f6glich zu beheben. Chaos bei der Medikation? Bring mehr PApp in deine Planung! Mit PApp k\u00f6nnen Sie ganz einfach Medikationspl\u00e4ne f\u00fcr sich oder andere mit Ihrem Smartphone einscannen und \u00fcberarbeiten oder neu erstellen. Einlesen\/Aktualisieren des bundeseinheitlichen Medikationsplans Selbstmedikation und weitere verordnete Medikamente hinzuf\u00fcgen [&hellip;]<\/p>\n","protected":false},"author":33,"featured_media":0,"parent":0,"menu_order":0,"comment_status":"closed","ping_status":"closed","template":"","meta":{"inline_featured_image":false,"ocean_post_layout":"full-width","ocean_both_sidebars_style":"","ocean_both_sidebars_content_width":0,"ocean_both_sidebars_sidebars_width":0,"ocean_sidebar":"sidebar","ocean_second_sidebar":"0","ocean_disable_margins":"enable","ocean_add_body_class":"","ocean_shortcode_before_top_bar":"","ocean_shortcode_after_top_bar":"","ocean_shortcode_before_header":"","ocean_shortcode_after_header":"","ocean_has_shortcode":"","ocean_shortcode_after_title":"","ocean_shortcode_before_footer_widgets":"","ocean_shortcode_after_footer_widgets":"","ocean_shortcode_before_footer_bottom":"","ocean_shortcode_after_footer_bottom":"","ocean_display_top_bar":"on","ocean_display_header":"on","ocean_header_style":"","ocean_center_header_left_menu":"0","ocean_custom_header_template":"0","ocean_custom_logo":0,"ocean_custom_retina_logo":0,"ocean_custom_logo_max_width":0,"ocean_custom_logo_tablet_max_width":0,"ocean_custom_logo_mobile_max_width":0,"ocean_custom_logo_max_height":0,"ocean_custom_logo_tablet_max_height":0,"ocean_custom_logo_mobile_max_height":0,"ocean_header_custom_menu":"0","ocean_menu_typo_font_family":"0","ocean_menu_typo_font_subset":"","ocean_menu_typo_font_size":0,"ocean_menu_typo_font_size_tablet":0,"ocean_menu_typo_font_size_mobile":0,"ocean_menu_typo_font_size_unit":"px","ocean_menu_typo_font_weight":"","ocean_menu_typo_font_weight_tablet":"","ocean_menu_typo_font_weight_mobile":"","ocean_menu_typo_transform":"","ocean_menu_typo_transform_tablet":"","ocean_menu_typo_transform_mobile":"","ocean_menu_typo_line_height":0,"ocean_menu_typo_line_height_tablet":0,"ocean_menu_typo_line_height_mobile":0,"ocean_menu_typo_line_height_unit":"","ocean_menu_typo_spacing":0,"ocean_menu_typo_spacing_tablet":0,"ocean_menu_typo_spacing_mobile":0,"ocean_menu_typo_spacing_unit":"","ocean_menu_link_color":"","ocean_menu_link_color_hover":"","ocean_menu_link_color_active":"","ocean_menu_link_background":"","ocean_menu_link_hover_background":"","ocean_menu_link_active_background":"","ocean_menu_social_links_bg":"","ocean_menu_social_hover_links_bg":"","ocean_menu_social_links_color":"","ocean_menu_social_hover_links_color":"","ocean_disable_title":"enable","ocean_disable_heading":"enable","ocean_post_title":"","ocean_post_subheading":"","ocean_post_title_style":"","ocean_post_title_background_color":"","ocean_post_title_background":0,"ocean_post_title_bg_image_position":"","ocean_post_title_bg_image_attachment":"","ocean_post_title_bg_image_repeat":"","ocean_post_title_bg_image_size":"","ocean_post_title_height":0,"ocean_post_title_bg_overlay":0.5,"ocean_post_title_bg_overlay_color":"","ocean_disable_breadcrumbs":"default","ocean_breadcrumbs_color":"","ocean_breadcrumbs_separator_color":"","ocean_breadcrumbs_links_color":"","ocean_breadcrumbs_links_hover_color":"","ocean_display_footer_widgets":"on","ocean_display_footer_bottom":"on","ocean_custom_footer_template":"0","footnotes":""},"class_list":["post-15","page","type-page","status-publish","hentry","entry"],"_links":{"self":[{"href":"https:\/\/www.wi.rwth-aachen.de\/blogs\/papp\/wp-json\/wp\/v2\/pages\/15","targetHints":{"allow":["GET"]}}],"collection":[{"href":"https:\/\/www.wi.rwth-aachen.de\/blogs\/papp\/wp-json\/wp\/v2\/pages"}],"about":[{"href":"https:\/\/www.wi.rwth-aachen.de\/blogs\/papp\/wp-json\/wp\/v2\/types\/page"}],"author":[{"embeddable":true,"href":"https:\/\/www.wi.rwth-aachen.de\/blogs\/papp\/wp-json\/wp\/v2\/users\/33"}],"replies":[{"embeddable":true,"href":"https:\/\/www.wi.rwth-aachen.de\/blogs\/papp\/wp-json\/wp\/v2\/comments?post=15"}],"version-history":[{"count":135,"href":"https:\/\/www.wi.rwth-aachen.de\/blogs\/papp\/wp-json\/wp\/v2\/pages\/15\/revisions"}],"predecessor-version":[{"id":2533,"href":"https:\/\/www.wi.rwth-aachen.de\/blogs\/papp\/wp-json\/wp\/v2\/pages\/15\/revisions\/2533"}],"wp:attachment":[{"href":"https:\/\/www.wi.rwth-aachen.de\/blogs\/papp\/wp-json\/wp\/v2\/media?parent=15"}],"curies":[{"name":"wp","href":"https:\/\/api.w.org\/{rel}","templated":true}]}}