{"id":163,"date":"2021-08-12T17:08:57","date_gmt":"2021-08-12T15:08:57","guid":{"rendered":"https:\/\/www.wi.rwth-aachen.de\/blogs\/learningcommunity\/?page_id=163"},"modified":"2022-01-04T20:05:48","modified_gmt":"2022-01-04T19:05:48","slug":"uebersicht","status":"publish","type":"page","link":"https:\/\/www.wi.rwth-aachen.de\/blogs\/learningcommunity\/","title":{"rendered":"Home"},"content":{"rendered":"\n<p><figure class=\"wp-block-embed is-type-rich is-provider-handler-einbetten wp-block-embed-handler-einbetten wp-embed-aspect-16-9 wp-has-aspect-ratio\" style=\"float: right; width: 40%; border: thin silver solid; margin: 0.1em; padding-left: 1.5em; padding-top: 1.5em; text-indent: 0; text-align: left; font-size: smaller;\">\n<div class=\"wp-block-embed__wrapper\"><iframe loading=\"lazy\" title=\"2. Preis: Apothekerin Gabriele Neumann (Karls-Apotheke, Aachen)\" src=\"https:\/\/www.youtube.com\/embed\/EsjTfRdcaDU?feature=oembed\" width=\"440\" height=\"247.47\" frameborder=\"0\" allowfullscreen=\"allowfullscreen\"><\/iframe> Anl\u00e4sslich der Verleihung des Zukunftspreises (siehe&nbsp;<a href=\"https:\/\/www.wi.rwth-aachen.de\/blogs\/learningcommunity\/seite-zukunftspreis\/\"><u>Zukunftspreis<\/u><\/a>) wurde ein Video erstellt, welches die T\u00e4tigkeit der Aachener Learning Community veranschaulicht.<\/div>\n<\/figure><\/p>\n\n\n<p>An der Erstellung und Begleitung von Arzneimitteltherapien sowie der sicheren, schnellen, und zuverl\u00e4ssigen Versorgung von Patientinnen und Patienten mit Medikamenten sind zahlreiche Akteure beteiligt. Neben niedergelassenen Allgemein- und Fach\u00e4rzten und Apotheken z\u00e4hlen hierzu Krankenkassen, Krankenh\u00e4user, Pflegeheime, Pflegedienste, Gro\u00dfh\u00e4ndler, Hersteller, und nicht zuletzt Patienten selbst.<\/p>\n<p>Eine gut funktionierende Abstimmung und Koordination zwischen diesen Akteuren wird zunehmend als eine der wesentlichen Voraussetzungen f\u00fcr eine Verbesserung der Medikamentenversorgung sowie des Medikationsmanagements erkannt, so zum Beispiel im Sondergutachten 2012 (<a href=\"https:\/\/www.wi.rwth-aachen.de\/lc\/GA2012_Kurzfassung.pdf\" target=\"_blank\" rel=\"noreferrer noopener\">Kurzfassung<\/a>,\u00a0<a href=\"https:\/\/www.wi.rwth-aachen.de\/lc\/GA2012_Langfassung.pdf\" target=\"_blank\" rel=\"noopener\">Langfassung<\/a>) des\u00a0<a href=\"http:\/\/www.svr-gesundheit.de\/\" target=\"_blank\" rel=\"noopener\">Sachverst\u00e4ndigenrats zur Begutachtung der Entwicklung im Gesundheitswesen<\/a>.<\/p>\n<p><!-- \/wp:post-content --><\/p>\n<p><!-- wp:paragraph --><\/p>\n<p>Die Vernetzung von Informationssystemen gilt als ein Schl\u00fcssel zur Erreichung dieses Ziels. Man wei\u00df aber aus anderen Branchen, die bereits seit l\u00e4ngerem Erfahrungen mit der Vernetzung von Informationssystemen gesammelt haben, dass eine solche Vernetzung nur dann zu dem gew\u00fcnschten Ziel f\u00fchrt, wenn die Akteure ihre Praktiken gegenseitig wahrnehmen und aufeinander abstimmen. Die Vorstellung, dass eine Verbesserung der Kooperation der beteiligten Akteure durch eine geeignete Gestaltung der Technik allein m\u00f6glich w\u00e4re, hat sich vielfach als Irrtum herausgestellt.<\/p>\n<p><!-- \/wp:paragraph --><\/p>\n<p><!-- wp:paragraph --><\/p>\n<p>Vor diesem Hintergrund haben sich Anfang 2012 auf Initiative des Lehr- und Forschungsgebiets Wirtschaftsinformatik der RWTH Aachen und unterst\u00fctzt von der IHK Aachen Vertreter der Aachener Gesundheitswirtschaft in der Learning Community &#8218;Innovative IT in der Medikamentenversorgung\u2019 zusammengefunden. Die Aachener Learning Community verfolgt das Ziel, die Kooperation zwischen den an Medikationsprozessen beteiligten Gesundheitsberufen und Patienten durch einen kontinuierlichen Lernprozess zu verbessern, um so einen wesentlichen Beitrag zur Erh\u00f6hung der Arzneimitteltherapiesicherheit (AMTS) der Patientinnen und Patienten zu leisten. Gegenstand des Lernens ist das tiefere Verst\u00e4ndnis der beteiligten Praktiken sowie die Erarbeitung und Erprobung der sich aus diesem Verst\u00e4ndnis ergebenden M\u00f6glichkeiten.<\/p>","protected":false},"excerpt":{"rendered":"<p>Anl\u00e4sslich der Verleihung des Zukunftspreises (siehe&nbsp;Zukunftspreis) wurde ein Video erstellt, welches die T\u00e4tigkeit der Aachener Learning Community veranschaulicht. An der Erstellung und Begleitung von Arzneimitteltherapien sowie der sicheren, schnellen, und &#8230;<\/p>\n","protected":false},"author":27,"featured_media":0,"parent":0,"menu_order":0,"comment_status":"closed","ping_status":"closed","template":"","meta":{"inline_featured_image":false,"footnotes":""},"class_list":["post-163","page","type-page","status-publish","hentry"],"_links":{"self":[{"href":"https:\/\/www.wi.rwth-aachen.de\/blogs\/learningcommunity\/wp-json\/wp\/v2\/pages\/163","targetHints":{"allow":["GET"]}}],"collection":[{"href":"https:\/\/www.wi.rwth-aachen.de\/blogs\/learningcommunity\/wp-json\/wp\/v2\/pages"}],"about":[{"href":"https:\/\/www.wi.rwth-aachen.de\/blogs\/learningcommunity\/wp-json\/wp\/v2\/types\/page"}],"author":[{"embeddable":true,"href":"https:\/\/www.wi.rwth-aachen.de\/blogs\/learningcommunity\/wp-json\/wp\/v2\/users\/27"}],"replies":[{"embeddable":true,"href":"https:\/\/www.wi.rwth-aachen.de\/blogs\/learningcommunity\/wp-json\/wp\/v2\/comments?post=163"}],"version-history":[{"count":59,"href":"https:\/\/www.wi.rwth-aachen.de\/blogs\/learningcommunity\/wp-json\/wp\/v2\/pages\/163\/revisions"}],"predecessor-version":[{"id":1076,"href":"https:\/\/www.wi.rwth-aachen.de\/blogs\/learningcommunity\/wp-json\/wp\/v2\/pages\/163\/revisions\/1076"}],"wp:attachment":[{"href":"https:\/\/www.wi.rwth-aachen.de\/blogs\/learningcommunity\/wp-json\/wp\/v2\/media?parent=163"}],"curies":[{"name":"wp","href":"https:\/\/api.w.org\/{rel}","templated":true}]}}