{"id":114,"date":"2021-08-12T16:36:55","date_gmt":"2021-08-12T14:36:55","guid":{"rendered":"https:\/\/www.wi.rwth-aachen.de\/blogs\/learningcommunity\/?page_id=114"},"modified":"2022-01-04T15:42:30","modified_gmt":"2022-01-04T14:42:30","slug":"seite-buchpublikationen","status":"publish","type":"page","link":"https:\/\/www.wi.rwth-aachen.de\/blogs\/learningcommunity\/seite-buchpublikationen\/","title":{"rendered":"Buchpublikation"},"content":{"rendered":"\n<div class=\"wp-block-columns is-layout-flex wp-container-core-columns-is-layout-9d6595d7 wp-block-columns-is-layout-flex\">\n<div class=\"wp-block-column is-layout-flow wp-block-column-is-layout-flow\" style=\"flex-basis:66.66%\">\n<p>Die sch\u00e4dlichen Wirkungen einer durch viele Akteure geplanten und unterst\u00fctzten, jedoch in ihrer Gesamtheit nicht aufeinander abgestimmten Arzneimitteltherapie werden zunehmend in Fachkreisen und in der \u00d6ffentlichkeit als problematisch empfunden und thematisiert. Diese Diskussion wird seit ein paar Jahren unter dem Begriff der Arzneimitteltherapiesicherheit (AMTS) als einem wichtigen Aspekt der Patientensicherheit gef\u00fchrt. In Deutschland werden derzeit in zahlreichen Pilotprojekten Konzepte zur IT-basierten Vernetzung der an einer Arzneimitteltherapie beteiligten Akteure entwickelt und evaluiert. Auf den Ebenen der Gesetzgebung sowie der Selbstverwaltung des Gesundheitswesens werden ebenfalls im Moment die Weichen f\u00fcr die IT-basierte Verf\u00fcgbarmachung von patientenindividuellen Medikationsdaten gestellt. Mit diesem Buch wollen wir zu dieser Diskussion beitragen. Wir haben das Thema der Arzneimitteltherapiesicherheit \u00fcber einen Zeitraum von drei Jahren in der \u201aAachener Learning Community innovativer IT-Einsatz in der Medikamentenversorgung\u2019 diskutiert und auf dieser Basis Konzepte und Ideen entwickelt, die f\u00fcr Beteiligte an AMTS-Vernetzungsprojekten sowie in diesem Bereich engagierte Patienten, \u00c4rzte, Apotheker, Pflegefachkr\u00e4fte und andere Akteure des Gesundheitswesens interessant sein k\u00f6nnen. Dieses Buch stellt dabei nicht nur die Ergebnisse unserer Diskussionen vor, sondern auch den Prozess ihrer Entstehung, den wir als einen praktik\u00fcbergreifenden Lernprozess verstehen. Unser Ziel ist es, den Leser \u2013 gewisserma\u00dfen virtuell \u2013 an unseren Diskussionen teilhaben zu lassen und mit Hilfe dieses Buches den Kreis der Mitglieder und \u201eLernenden\u201c um den Leser zu erweitern. Die wesentlichen in diesem Buch vorgestellten Ideen und Konzepte bestehen aus drei Leitbildern f\u00fcr die Entwicklung von IT-basierten Vernetzungskonzepten zur Erh\u00f6hung der Arzneimitteltherapiesicherheit \u2013 die vollst\u00e4ndige Medikations\u00fcbersicht, der m\u00fcndige Patient und die individualisierte Medikation \u2013 sowie ausgew\u00e4hlten Aspekten der Zusammenarbeit unterschiedlicher Akteure bei der Erstellung und Anpassung von Arzneimitteltherapien. Abschlie\u00dfend wird ein ebenfalls in den Diskussionen der Aachener Learning Community entstandener Beschreibungs- und Bewertungsrahmen f\u00fcr AMTS-Projekte vorgestellt.\u00a0\u00a0<\/p>\n<\/div>\n\n\n\n<div class=\"wp-block-column is-layout-flow wp-block-column-is-layout-flow\" style=\"flex-basis:33.33%\">\n<figure class=\"wp-block-image alignfull size-full\"><img fetchpriority=\"high\" decoding=\"async\" width=\"354\" height=\"500\" src=\"https:\/\/www.wi.rwth-aachen.de\/blogs\/learningcommunity\/wp-content\/uploads\/sites\/15\/2022\/01\/buch_band3-1.jpg\" alt=\"\" class=\"wp-image-1043\" srcset=\"https:\/\/www.wi.rwth-aachen.de\/blogs\/learningcommunity\/wp-content\/uploads\/sites\/15\/2022\/01\/buch_band3-1.jpg 354w, https:\/\/www.wi.rwth-aachen.de\/blogs\/learningcommunity\/wp-content\/uploads\/sites\/15\/2022\/01\/buch_band3-1-212x300.jpg 212w\" sizes=\"(max-width: 354px) 100vw, 354px\" \/><\/figure>\n\n\n\n<p><\/p>\n<\/div>\n<\/div>\n","protected":false},"excerpt":{"rendered":"<p>Die sch\u00e4dlichen Wirkungen einer durch viele Akteure geplanten und unterst\u00fctzten, jedoch in ihrer Gesamtheit nicht aufeinander abgestimmten Arzneimitteltherapie werden zunehmend in Fachkreisen und in der \u00d6ffentlichkeit als problematisch empfunden und &#8230;<\/p>\n","protected":false},"author":27,"featured_media":0,"parent":0,"menu_order":0,"comment_status":"closed","ping_status":"closed","template":"","meta":{"inline_featured_image":false,"footnotes":""},"class_list":["post-114","page","type-page","status-publish","hentry"],"_links":{"self":[{"href":"https:\/\/www.wi.rwth-aachen.de\/blogs\/learningcommunity\/wp-json\/wp\/v2\/pages\/114","targetHints":{"allow":["GET"]}}],"collection":[{"href":"https:\/\/www.wi.rwth-aachen.de\/blogs\/learningcommunity\/wp-json\/wp\/v2\/pages"}],"about":[{"href":"https:\/\/www.wi.rwth-aachen.de\/blogs\/learningcommunity\/wp-json\/wp\/v2\/types\/page"}],"author":[{"embeddable":true,"href":"https:\/\/www.wi.rwth-aachen.de\/blogs\/learningcommunity\/wp-json\/wp\/v2\/users\/27"}],"replies":[{"embeddable":true,"href":"https:\/\/www.wi.rwth-aachen.de\/blogs\/learningcommunity\/wp-json\/wp\/v2\/comments?post=114"}],"version-history":[{"count":16,"href":"https:\/\/www.wi.rwth-aachen.de\/blogs\/learningcommunity\/wp-json\/wp\/v2\/pages\/114\/revisions"}],"predecessor-version":[{"id":1045,"href":"https:\/\/www.wi.rwth-aachen.de\/blogs\/learningcommunity\/wp-json\/wp\/v2\/pages\/114\/revisions\/1045"}],"wp:attachment":[{"href":"https:\/\/www.wi.rwth-aachen.de\/blogs\/learningcommunity\/wp-json\/wp\/v2\/media?parent=114"}],"curies":[{"name":"wp","href":"https:\/\/api.w.org\/{rel}","templated":true}]}}